{"id":6801,"date":"2026-03-12T18:55:12","date_gmt":"2026-03-12T18:55:12","guid":{"rendered":"https:\/\/gold-detactpro.com\/product\/uig-gold-digger-icin-ap-18-inc-arama-basligi\/"},"modified":"2026-03-12T18:55:12","modified_gmt":"2026-03-12T15:55:12","slug":"uig-gold-digger-icin-ap-18-inc-arama-basligi","status":"publish","type":"product","link":"https:\/\/gold-detactpro.com\/tr\/urun\/uig-gold-digger-icin-ap-18-inc-arama-basligi\/","title":{"rendered":"UIG Gold Digger i\u00e7in AP 18 in\u00e7 Arama Ba\u015fl\u0131\u011f\u0131"},"content":{"rendered":"<div class=\"elementor-element elementor-element-1bd67183 elementor-widget elementor-widget-woocommerce-product-title elementor-page-title elementor-widget-heading\" data-id=\"1bd67183\" data-element_type=\"widget\" data-e-type=\"widget\" data-widget_type=\"woocommerce-product-title.default\">\n<p>AP4144-GD 18 in\u00e7<\/p>\n<ul>\n<li>Double-D<\/li>\n<li>Su Ge\u00e7irmez<\/li>\n<li>Y\u00fcksek Derinlik<\/li>\n<li>G\u00fcr\u00fclt\u00fc Direnci<\/li>\n<\/ul>\n<hr>\n<p>Uyumlu Oldu\u011fu<\/p>\n<ul>\n<li><a href=\"https:\/\/uigdetectors.com\/product\/uig-gold-digger-detector\">UIG Gold Digger Dedekt\u00f6r<\/a><\/li>\n<\/ul>\n<\/div>\n<div id=\"gtx-trans\" style=\"position: absolute; left: 159px; top: 0.200001px;\">\n<div class=\"gtx-trans-icon\"><\/div>\n<\/div>\n<div id=\"gtx-trans\" style=\"position: absolute; left: 159px; top: 0.200001px;\">\n<div class=\"gtx-trans-icon\"><\/div>\n<\/div>\n","protected":false},"excerpt":{"rendered":"<p>AP4144-GD 18 in\u00e7 Double-D Su Ge\u00e7irmez Y\u00fcksek Derinlik G\u00fcr\u00fclt\u00fc Direnci Uyumlu Oldu\u011fu UIG Gold Digger Dedekt\u00f6r<\/p>\n","protected":false},"featured_media":5834,"comment_status":"open","ping_status":"closed","template":"","meta":{"_uag_custom_page_level_css":"","site-sidebar-layout":"default","site-content-layout":"","ast-site-content-layout":"default","site-content-style":"default","site-sidebar-style":"default","ast-global-header-display":"","ast-banner-title-visibility":"","ast-main-header-display":"","ast-hfb-above-header-display":"","ast-hfb-below-header-display":"","ast-hfb-mobile-header-display":"","site-post-title":"","ast-breadcrumbs-content":"","ast-featured-img":"","footer-sml-layout":"","ast-disable-related-posts":"","theme-transparent-header-meta":"default","adv-header-id-meta":"","stick-header-meta":"","header-above-stick-meta":"","header-main-stick-meta":"","header-below-stick-meta":"","astra-migrate-meta-layouts":"default","ast-page-background-enabled":"default","ast-page-background-meta":{"desktop":{"background-color":"","background-image":"","background-repeat":"repeat","background-position":"center center","background-size":"auto","background-attachment":"scroll","background-type":"","background-media":"","overlay-type":"","overlay-color":"","overlay-opacity":"","overlay-gradient":""},"tablet":{"background-color":"","background-image":"","background-repeat":"repeat","background-position":"center center","background-size":"auto","background-attachment":"scroll","background-type":"","background-media":"","overlay-type":"","overlay-color":"","overlay-opacity":"","overlay-gradient":""},"mobile":{"background-color":"","background-image":"","background-repeat":"repeat","background-position":"center center","background-size":"auto","background-attachment":"scroll","background-type":"","background-media":"","overlay-type":"","overlay-color":"","overlay-opacity":"","overlay-gradient":""}},"ast-content-background-meta":{"desktop":{"background-color":"var(--ast-global-color-5)","background-image":"","background-repeat":"repeat","background-position":"center center","background-size":"auto","background-attachment":"scroll","background-type":"","background-media":"","overlay-type":"","overlay-color":"","overlay-opacity":"","overlay-gradient":""},"tablet":{"background-color":"var(--ast-global-color-5)","background-image":"","background-repeat":"repeat","background-position":"center center","background-size":"auto","background-attachment":"scroll","background-type":"","background-media":"","overlay-type":"","overlay-color":"","overlay-opacity":"","overlay-gradient":""},"mobile":{"background-color":"var(--ast-global-color-5)","background-image":"","background-repeat":"repeat","background-position":"center center","background-size":"auto","background-attachment":"scroll","background-type":"","background-media":"","overlay-type":"","overlay-color":"","overlay-opacity":"","overlay-gradient":""}}},"product_brand":[],"product_cat":[54],"product_tag":[],"class_list":{"0":"post-6801","1":"product","2":"type-product","3":"status-publish","4":"has-post-thumbnail","6":"product_cat-aksesuarlar","7":"desktop-align-center","8":"tablet-align-center","9":"mobile-align-center","11":"first","12":"instock","13":"shipping-taxable","14":"purchasable","15":"product-type-simple"},"uagb_featured_image_src":{"full":["https:\/\/gold-detactpro.com\/wp-content\/uploads\/2026\/03\/Gold-Digger-AP4144-GD.webp",1080,1080,false],"thumbnail":["https:\/\/gold-detactpro.com\/wp-content\/uploads\/2026\/03\/Gold-Digger-AP4144-GD-150x150.webp",150,150,true],"medium":["https:\/\/gold-detactpro.com\/wp-content\/uploads\/2026\/03\/Gold-Digger-AP4144-GD-300x300.webp",300,300,true],"medium_large":["https:\/\/gold-detactpro.com\/wp-content\/uploads\/2026\/03\/Gold-Digger-AP4144-GD-768x768.webp",768,768,true],"large":["https:\/\/gold-detactpro.com\/wp-content\/uploads\/2026\/03\/Gold-Digger-AP4144-GD-1024x1024.webp",1024,1024,true],"1536x1536":["https:\/\/gold-detactpro.com\/wp-content\/uploads\/2026\/03\/Gold-Digger-AP4144-GD.webp",1080,1080,false],"2048x2048":["https:\/\/gold-detactpro.com\/wp-content\/uploads\/2026\/03\/Gold-Digger-AP4144-GD.webp",1080,1080,false],"woocommerce_thumbnail":["https:\/\/gold-detactpro.com\/wp-content\/uploads\/2026\/03\/Gold-Digger-AP4144-GD-300x300.webp",300,300,true],"woocommerce_single":["https:\/\/gold-detactpro.com\/wp-content\/uploads\/2026\/03\/Gold-Digger-AP4144-GD-600x600.webp",600,600,true],"woocommerce_gallery_thumbnail":["https:\/\/gold-detactpro.com\/wp-content\/uploads\/2026\/03\/Gold-Digger-AP4144-GD-100x100.webp",100,100,true]},"uagb_author_info":{"display_name":"Mohamad","author_link":"https:\/\/gold-detactpro.com\/tr\/author\/"},"uagb_comment_info":0,"uagb_excerpt":"AP4144-GD 18 in\u00e7 Double-D Su Ge\u00e7irmez Y\u00fcksek Derinlik G\u00fcr\u00fclt\u00fc Direnci Uyumlu Oldu\u011fu UIG Gold Digger Dedekt\u00f6r","_links":{"self":[{"href":"https:\/\/gold-detactpro.com\/tr\/wp-json\/wp\/v2\/product\/6801","targetHints":{"allow":["GET"]}}],"collection":[{"href":"https:\/\/gold-detactpro.com\/tr\/wp-json\/wp\/v2\/product"}],"about":[{"href":"https:\/\/gold-detactpro.com\/tr\/wp-json\/wp\/v2\/types\/product"}],"replies":[{"embeddable":true,"href":"https:\/\/gold-detactpro.com\/tr\/wp-json\/wp\/v2\/comments?post=6801"}],"wp:featuredmedia":[{"embeddable":true,"href":"https:\/\/gold-detactpro.com\/tr\/wp-json\/wp\/v2\/media\/5834"}],"wp:attachment":[{"href":"https:\/\/gold-detactpro.com\/tr\/wp-json\/wp\/v2\/media?parent=6801"}],"wp:term":[{"taxonomy":"product_brand","embeddable":true,"href":"https:\/\/gold-detactpro.com\/tr\/wp-json\/wp\/v2\/product_brand?post=6801"},{"taxonomy":"product_cat","embeddable":true,"href":"https:\/\/gold-detactpro.com\/tr\/wp-json\/wp\/v2\/product_cat?post=6801"},{"taxonomy":"product_tag","embeddable":true,"href":"https:\/\/gold-detactpro.com\/tr\/wp-json\/wp\/v2\/product_tag?post=6801"}],"curies":[{"name":"wp","href":"https:\/\/api.w.org\/{rel}","templated":true}]}}