{"id":6741,"date":"2026-03-05T20:14:49","date_gmt":"2026-03-05T20:14:49","guid":{"rendered":"https:\/\/gold-detactpro.com\/product\/diamond-hunter-smart\/"},"modified":"2026-03-05T20:14:49","modified_gmt":"2026-03-05T17:14:49","slug":"diamond-hunter-smart","status":"publish","type":"product","link":"https:\/\/gold-detactpro.com\/tr\/urun\/diamond-hunter-smart\/","title":{"rendered":"Diamond Hunter Smart"},"content":{"rendered":"<div class=\"elementor-element elementor-element-689bfae elementor-widget elementor-widget-heading\" data-id=\"689bfae\" data-element_type=\"widget\" data-e-type=\"widget\" data-widget_type=\"heading.default\">\n<h3 class=\"elementor-heading-title elementor-size-default\">Diamond Hunter Smart&#8217;\u0131n \u00f6zellikleri ve arama sistemleri \u015funlard\u0131r:<\/h3>\n<\/div>\n<div class=\"elementor-element elementor-element-d811373 elementor-widget elementor-widget-wd_text_block\" data-id=\"d811373\" data-element_type=\"widget\" data-e-type=\"widget\" data-widget_type=\"wd_text_block.default\">\n<div class=\"elementor-widget-container\">\n<div class=\"wd-text-block reset-last-child text-left\">\n<p>Uzaktan Alg\u0131lamal\u0131 \u00c7oklu Sistem Diamond Hunter Smart&#8217;\u0131n \u00f6zellikleri<\/p>\n<ul>\n<li>\n<ul>\n<li>De\u011ferli ta\u015f tespit sistemi<br \/>\nElmas tespit sistemi<br \/>\nDerinlik belirleme sistemi ve yeralt\u0131nda bulunan sonu\u00e7lar\u0131n analizi<br \/>\nSafir, z\u00fcmr\u00fct, kuvars, topaz, akik, ametist, lazurit, turmalin, kolumbit, tanzanit, turkuaz, peridot, aleksandrit, kedi g\u00f6z\u00fc, yakut, jasper, opal ve akuamarin gibi 18 farkl\u0131 de\u011ferli ta\u015f t\u00fcr\u00fcn\u00fc tespit etme kapasitesine sahip de\u011ferli ta\u015f arama sistemi, hedeflenen ta\u015flar\u0131n yeralt\u0131nda hassas bir \u015fekilde tan\u0131mlanmas\u0131n\u0131 sa\u011flar.<\/li>\n<\/ul>\n<\/li>\n<\/ul>\n<p>&nbsp;<\/p>\n<ul>\n<li>\n<ul>\n<li>Yeralt\u0131ndaki b\u00fcy\u00fck ve k\u00fc\u00e7\u00fck elmaslar i\u00e7in elmas arama sistemi.<\/li>\n<\/ul>\n<\/li>\n<\/ul>\n<p>&nbsp;<\/p>\n<ul>\n<li>Metre ve santimetre cinsinden derinlik belirleme sistemi, yeralt\u0131nda bulunan sonu\u00e7lar\u0131n analizi ile<\/li>\n<\/ul>\n<\/div>\n<\/div>\n<\/div>\n<div class=\"elementor-element elementor-element-e1f64cc elementor-widget elementor-widget-heading\" data-id=\"e1f64cc\" data-element_type=\"widget\" data-e-type=\"widget\" data-widget_type=\"heading.default\">\n<h3 class=\"elementor-heading-title elementor-size-default\">Diamond Hunter Smart&#8217;\u0131n \u00d6zellikleri ve Avantajlar\u0131<\/h3>\n<\/div>\n<div class=\"elementor-element elementor-element-31493ba text-right color-scheme-inherit elementor-widget elementor-widget-text-editor\" data-id=\"31493ba\" data-element_type=\"widget\" data-e-type=\"widget\" data-widget_type=\"text-editor.default\">\n<div>\n<ul>\n<li style=\"list-style-type: none;\">\n<ul>\n<li>Y\u00fcksek h\u0131zl\u0131 hedef tespiti ve do\u011fru konum belirleme<\/li>\n<\/ul>\n<\/li>\n<\/ul>\n<ul>\n<li style=\"list-style-type: none;\">\n<ul>\n<li>\u00d6zel arama i\u00e7in konum ve k\u0131ta se\u00e7imi<\/li>\n<\/ul>\n<\/li>\n<\/ul>\n<ul>\n<li style=\"list-style-type: none;\">\n<ul>\n<li>Yeralt\u0131ndaki elmas ve de\u011ferli ta\u015f frekanslar\u0131ndaki k\u0131tadan k\u0131taya de\u011fi\u015fen farkl\u0131l\u0131klar nedeniyle arama alan\u0131nda daha do\u011fru sonu\u00e7lar i\u00e7in eklenen \u00f6zellik<\/li>\n<\/ul>\n<\/li>\n<\/ul>\n<ul>\n<li style=\"list-style-type: none;\">\n<ul>\n<li>\u0130stenilen \u00f6n menzil se\u00e7imi: 50 metreden -100 -150 metre -200 metre, -250 metre -300 metre -500 metre -1000 metre -1500 metre -2000 metre -2500 metre ve -3000 metreye kadar<\/li>\n<\/ul>\n<\/li>\n<\/ul>\n<ul>\n<li style=\"list-style-type: none;\">\n<ul>\n<li>Alt\u0131 dilde \u00e7al\u0131\u015f\u0131r: Almanca, \u0130ngilizce, Frans\u0131zca, \u0130spanyolca, Portekizce ve Arap\u00e7a<\/li>\n<\/ul>\n<\/li>\n<\/ul>\n<ul>\n<li style=\"list-style-type: none;\">\n<ul>\n<li>Yeralt\u0131nda 50 metreye kadar arama derinli\u011fi ve 3000 metre \u00f6n menzil, hedeflerin yeralt\u0131ndaki derinli\u011fini metre ve santimetre cinsinden belirleme kapasitesi ile<\/li>\n<\/ul>\n<\/li>\n<\/ul>\n<ul>\n<li style=\"list-style-type: none;\">\n<ul>\n<li>Otomatik kalibrasyon teknolojisi sayesinde \u0131slak, mineral tuzlar a\u00e7\u0131s\u0131ndan zengin, metalik veya bazaltik kaya\u00e7lar gibi toprak tiplerine kar\u015f\u0131 ba\u011f\u0131\u015f\u0131k i\u015fletim sistemi<\/li>\n<\/ul>\n<\/li>\n<\/ul>\n<ul>\n<li>\u00c7e\u015fitli arazilerde ve zorlu iklim ko\u015fullar\u0131nda \u00e7al\u0131\u015fmak \u00fczere geli\u015ftirilmi\u015ftir<\/li>\n<\/ul>\n<\/div>\n<\/div>\n","protected":false},"excerpt":{"rendered":"<p>Alt\u0131n, hazineler ve yeralt\u0131 ma\u011faralar\u0131 i\u00e7in 2D g\u00f6r\u00fcnt\u00fcleme ve uzun menzilli sistemler (toplam 4 adet) Diamond<\/p>\n","protected":false},"featured_media":5725,"comment_status":"closed","ping_status":"closed","template":"","meta":{"_uag_custom_page_level_css":"","site-sidebar-layout":"default","site-content-layout":"","ast-site-content-layout":"default","site-content-style":"default","site-sidebar-style":"default","ast-global-header-display":"","ast-banner-title-visibility":"","ast-main-header-display":"","ast-hfb-above-header-display":"","ast-hfb-below-header-display":"","ast-hfb-mobile-header-display":"","site-post-title":"","ast-breadcrumbs-content":"","ast-featured-img":"","footer-sml-layout":"","ast-disable-related-posts":"","theme-transparent-header-meta":"default","adv-header-id-meta":"","stick-header-meta":"","header-above-stick-meta":"","header-main-stick-meta":"","header-below-stick-meta":"","astra-migrate-meta-layouts":"default","ast-page-background-enabled":"default","ast-page-background-meta":{"desktop":{"background-color":"","background-image":"","background-repeat":"repeat","background-position":"center center","background-size":"auto","background-attachment":"scroll","background-type":"","background-media":"","overlay-type":"","overlay-color":"","overlay-opacity":"","overlay-gradient":""},"tablet":{"background-color":"","background-image":"","background-repeat":"repeat","background-position":"center center","background-size":"auto","background-attachment":"scroll","background-type":"","background-media":"","overlay-type":"","overlay-color":"","overlay-opacity":"","overlay-gradient":""},"mobile":{"background-color":"","background-image":"","background-repeat":"repeat","background-position":"center center","background-size":"auto","background-attachment":"scroll","background-type":"","background-media":"","overlay-type":"","overlay-color":"","overlay-opacity":"","overlay-gradient":""}},"ast-content-background-meta":{"desktop":{"background-color":"var(--ast-global-color-5)","background-image":"","background-repeat":"repeat","background-position":"center center","background-size":"auto","background-attachment":"scroll","background-type":"","background-media":"","overlay-type":"","overlay-color":"","overlay-opacity":"","overlay-gradient":""},"tablet":{"background-color":"var(--ast-global-color-5)","background-image":"","background-repeat":"repeat","background-position":"center center","background-size":"auto","background-attachment":"scroll","background-type":"","background-media":"","overlay-type":"","overlay-color":"","overlay-opacity":"","overlay-gradient":""},"mobile":{"background-color":"var(--ast-global-color-5)","background-image":"","background-repeat":"repeat","background-position":"center center","background-size":"auto","background-attachment":"scroll","background-type":"","background-media":"","overlay-type":"","overlay-color":"","overlay-opacity":"","overlay-gradient":""}}},"product_brand":[],"product_cat":[23],"product_tag":[],"class_list":{"0":"post-6741","1":"product","2":"type-product","3":"status-publish","4":"has-post-thumbnail","6":"product_cat-diamond-gemstone-detectors","7":"desktop-align-center","8":"tablet-align-center","9":"mobile-align-center","11":"first","12":"instock","13":"featured","14":"shipping-taxable","15":"purchasable","16":"product-type-simple"},"uagb_featured_image_src":{"full":["https:\/\/gold-detactpro.com\/wp-content\/uploads\/2026\/03\/Diamond-Hunter-Smart-002.jpg",1080,948,false],"thumbnail":["https:\/\/gold-detactpro.com\/wp-content\/uploads\/2026\/03\/Diamond-Hunter-Smart-002-150x150.jpg",150,150,true],"medium":["https:\/\/gold-detactpro.com\/wp-content\/uploads\/2026\/03\/Diamond-Hunter-Smart-002-300x263.jpg",300,263,true],"medium_large":["https:\/\/gold-detactpro.com\/wp-content\/uploads\/2026\/03\/Diamond-Hunter-Smart-002-768x674.jpg",768,674,true],"large":["https:\/\/gold-detactpro.com\/wp-content\/uploads\/2026\/03\/Diamond-Hunter-Smart-002-1024x899.jpg",1024,899,true],"1536x1536":["https:\/\/gold-detactpro.com\/wp-content\/uploads\/2026\/03\/Diamond-Hunter-Smart-002.jpg",1080,948,false],"2048x2048":["https:\/\/gold-detactpro.com\/wp-content\/uploads\/2026\/03\/Diamond-Hunter-Smart-002.jpg",1080,948,false],"woocommerce_thumbnail":["https:\/\/gold-detactpro.com\/wp-content\/uploads\/2026\/03\/Diamond-Hunter-Smart-002-300x300.jpg",300,300,true],"woocommerce_single":["https:\/\/gold-detactpro.com\/wp-content\/uploads\/2026\/03\/Diamond-Hunter-Smart-002-600x527.jpg",600,527,true],"woocommerce_gallery_thumbnail":["https:\/\/gold-detactpro.com\/wp-content\/uploads\/2026\/03\/Diamond-Hunter-Smart-002-100x100.jpg",100,100,true]},"uagb_author_info":{"display_name":"Mohamad","author_link":"https:\/\/gold-detactpro.com\/tr\/author\/"},"uagb_comment_info":0,"uagb_excerpt":"Alt\u0131n, hazineler ve yeralt\u0131 ma\u011faralar\u0131 i\u00e7in 2D g\u00f6r\u00fcnt\u00fcleme ve uzun menzilli sistemler (toplam 4 adet) Diamond","_links":{"self":[{"href":"https:\/\/gold-detactpro.com\/tr\/wp-json\/wp\/v2\/product\/6741","targetHints":{"allow":["GET"]}}],"collection":[{"href":"https:\/\/gold-detactpro.com\/tr\/wp-json\/wp\/v2\/product"}],"about":[{"href":"https:\/\/gold-detactpro.com\/tr\/wp-json\/wp\/v2\/types\/product"}],"replies":[{"embeddable":true,"href":"https:\/\/gold-detactpro.com\/tr\/wp-json\/wp\/v2\/comments?post=6741"}],"wp:featuredmedia":[{"embeddable":true,"href":"https:\/\/gold-detactpro.com\/tr\/wp-json\/wp\/v2\/media\/5725"}],"wp:attachment":[{"href":"https:\/\/gold-detactpro.com\/tr\/wp-json\/wp\/v2\/media?parent=6741"}],"wp:term":[{"taxonomy":"product_brand","embeddable":true,"href":"https:\/\/gold-detactpro.com\/tr\/wp-json\/wp\/v2\/product_brand?post=6741"},{"taxonomy":"product_cat","embeddable":true,"href":"https:\/\/gold-detactpro.com\/tr\/wp-json\/wp\/v2\/product_cat?post=6741"},{"taxonomy":"product_tag","embeddable":true,"href":"https:\/\/gold-detactpro.com\/tr\/wp-json\/wp\/v2\/product_tag?post=6741"}],"curies":[{"name":"wp","href":"https:\/\/api.w.org\/{rel}","templated":true}]}}