{"id":6734,"date":"2026-03-05T20:14:49","date_gmt":"2026-03-05T20:14:49","guid":{"rendered":"https:\/\/gold-detactpro.com\/product\/fresh-result-yeralti-suyu-dedektoru\/"},"modified":"2026-03-05T20:14:49","modified_gmt":"2026-03-05T17:14:49","slug":"fresh-result-yeralti-suyu-dedektoru","status":"publish","type":"product","link":"https:\/\/gold-detactpro.com\/tr\/urun\/fresh-result-yeralti-suyu-dedektoru\/","title":{"rendered":"Fresh Result &#8211; Yeralt\u0131 Suyu Dedekt\u00f6r\u00fc"},"content":{"rendered":"<div class=\"elementor-element elementor-element-79d21a7e elementor-widget elementor-widget-heading\" data-id=\"79d21a7e\" data-element_type=\"widget\" data-e-type=\"widget\" data-widget_type=\"heading.default\">\n<h3 class=\"elementor-heading-title elementor-size-default\">Fresh Result 2 sistem cihaz\u0131, yeralt\u0131 suyu, artezyen kuyular\u0131 ve yeralt\u0131 kaynaklar\u0131n\u0131 tespit eden \u00e7ok sistemli bir cihazd\u0131r.<\/h3>\n<\/div>\n<div class=\"elementor-element elementor-element-c17e268 color-scheme-inherit text-left elementor-widget elementor-widget-text-editor\" data-id=\"c17e268\" data-element_type=\"widget\" data-e-type=\"widget\" data-widget_type=\"text-editor.default\">\n<div>Kendimizi, \u00e7ift\u00e7ileri, tar\u0131m arazisi yat\u0131r\u0131mc\u0131lar\u0131n\u0131, ara\u015ft\u0131rmac\u0131lar\u0131, ka\u015fifleri ve su arama \u015firketlerini, d\u00fcnyadaki tamamen yeni ve t\u00fcr\u00fcn\u00fcn ilk \u00f6rne\u011fi olan cihaz\u0131n piyasaya s\u00fcr\u00fclmesi m\u00fcnasebetiyle tebrik ederiz.<\/p>\n<p>Yeralt\u0131 suyu, artezyen kuyular\u0131 ve yeralt\u0131 kaynaklar\u0131 i\u00e7in iki arama sistemi ile \u00e7al\u0131\u015f\u0131r:<br \/>\n1- Jeolojik Arama Sistemi.<\/p>\n<p>2- Uzun Menzilli Alg\u0131lama Sistemi.<\/p><\/div>\n<\/div>\n","protected":false},"excerpt":{"rendered":"<p>Yeralt\u0131 suyu ve artezyen kuyular\u0131n\u0131 tespit etmek i\u00e7in 3 sistemli uzun menzilli konumland\u0131r\u0131c\u0131.<\/p>\n","protected":false},"featured_media":5743,"comment_status":"closed","ping_status":"closed","template":"","meta":{"_uag_custom_page_level_css":"","site-sidebar-layout":"default","site-content-layout":"","ast-site-content-layout":"default","site-content-style":"default","site-sidebar-style":"default","ast-global-header-display":"","ast-banner-title-visibility":"","ast-main-header-display":"","ast-hfb-above-header-display":"","ast-hfb-below-header-display":"","ast-hfb-mobile-header-display":"","site-post-title":"","ast-breadcrumbs-content":"","ast-featured-img":"","footer-sml-layout":"","ast-disable-related-posts":"","theme-transparent-header-meta":"default","adv-header-id-meta":"","stick-header-meta":"","header-above-stick-meta":"","header-main-stick-meta":"","header-below-stick-meta":"","astra-migrate-meta-layouts":"default","ast-page-background-enabled":"default","ast-page-background-meta":{"desktop":{"background-color":"","background-image":"","background-repeat":"repeat","background-position":"center center","background-size":"auto","background-attachment":"scroll","background-type":"","background-media":"","overlay-type":"","overlay-color":"","overlay-opacity":"","overlay-gradient":""},"tablet":{"background-color":"","background-image":"","background-repeat":"repeat","background-position":"center center","background-size":"auto","background-attachment":"scroll","background-type":"","background-media":"","overlay-type":"","overlay-color":"","overlay-opacity":"","overlay-gradient":""},"mobile":{"background-color":"","background-image":"","background-repeat":"repeat","background-position":"center center","background-size":"auto","background-attachment":"scroll","background-type":"","background-media":"","overlay-type":"","overlay-color":"","overlay-opacity":"","overlay-gradient":""}},"ast-content-background-meta":{"desktop":{"background-color":"var(--ast-global-color-5)","background-image":"","background-repeat":"repeat","background-position":"center center","background-size":"auto","background-attachment":"scroll","background-type":"","background-media":"","overlay-type":"","overlay-color":"","overlay-opacity":"","overlay-gradient":""},"tablet":{"background-color":"var(--ast-global-color-5)","background-image":"","background-repeat":"repeat","background-position":"center center","background-size":"auto","background-attachment":"scroll","background-type":"","background-media":"","overlay-type":"","overlay-color":"","overlay-opacity":"","overlay-gradient":""},"mobile":{"background-color":"var(--ast-global-color-5)","background-image":"","background-repeat":"repeat","background-position":"center center","background-size":"auto","background-attachment":"scroll","background-type":"","background-media":"","overlay-type":"","overlay-color":"","overlay-opacity":"","overlay-gradient":""}}},"product_brand":[],"product_cat":[24],"product_tag":[],"class_list":{"0":"post-6734","1":"product","2":"type-product","3":"status-publish","4":"has-post-thumbnail","6":"product_cat-groundwater-well-detectors","7":"desktop-align-center","8":"tablet-align-center","9":"mobile-align-center","11":"first","12":"instock","13":"featured","14":"shipping-taxable","15":"purchasable","16":"product-type-simple"},"uagb_featured_image_src":{"full":["https:\/\/gold-detactpro.com\/wp-content\/uploads\/2026\/03\/Fresh-Result-2-Systems-004.webp",1080,1080,false],"thumbnail":["https:\/\/gold-detactpro.com\/wp-content\/uploads\/2026\/03\/Fresh-Result-2-Systems-004-150x150.webp",150,150,true],"medium":["https:\/\/gold-detactpro.com\/wp-content\/uploads\/2026\/03\/Fresh-Result-2-Systems-004-300x300.webp",300,300,true],"medium_large":["https:\/\/gold-detactpro.com\/wp-content\/uploads\/2026\/03\/Fresh-Result-2-Systems-004-768x768.webp",768,768,true],"large":["https:\/\/gold-detactpro.com\/wp-content\/uploads\/2026\/03\/Fresh-Result-2-Systems-004-1024x1024.webp",1024,1024,true],"1536x1536":["https:\/\/gold-detactpro.com\/wp-content\/uploads\/2026\/03\/Fresh-Result-2-Systems-004.webp",1080,1080,false],"2048x2048":["https:\/\/gold-detactpro.com\/wp-content\/uploads\/2026\/03\/Fresh-Result-2-Systems-004.webp",1080,1080,false],"woocommerce_thumbnail":["https:\/\/gold-detactpro.com\/wp-content\/uploads\/2026\/03\/Fresh-Result-2-Systems-004-300x300.webp",300,300,true],"woocommerce_single":["https:\/\/gold-detactpro.com\/wp-content\/uploads\/2026\/03\/Fresh-Result-2-Systems-004-600x600.webp",600,600,true],"woocommerce_gallery_thumbnail":["https:\/\/gold-detactpro.com\/wp-content\/uploads\/2026\/03\/Fresh-Result-2-Systems-004-100x100.webp",100,100,true]},"uagb_author_info":{"display_name":"Mohamad","author_link":"https:\/\/gold-detactpro.com\/tr\/author\/"},"uagb_comment_info":0,"uagb_excerpt":"Yeralt\u0131 suyu ve artezyen kuyular\u0131n\u0131 tespit etmek i\u00e7in 3 sistemli uzun menzilli konumland\u0131r\u0131c\u0131.","_links":{"self":[{"href":"https:\/\/gold-detactpro.com\/tr\/wp-json\/wp\/v2\/product\/6734","targetHints":{"allow":["GET"]}}],"collection":[{"href":"https:\/\/gold-detactpro.com\/tr\/wp-json\/wp\/v2\/product"}],"about":[{"href":"https:\/\/gold-detactpro.com\/tr\/wp-json\/wp\/v2\/types\/product"}],"replies":[{"embeddable":true,"href":"https:\/\/gold-detactpro.com\/tr\/wp-json\/wp\/v2\/comments?post=6734"}],"wp:featuredmedia":[{"embeddable":true,"href":"https:\/\/gold-detactpro.com\/tr\/wp-json\/wp\/v2\/media\/5743"}],"wp:attachment":[{"href":"https:\/\/gold-detactpro.com\/tr\/wp-json\/wp\/v2\/media?parent=6734"}],"wp:term":[{"taxonomy":"product_brand","embeddable":true,"href":"https:\/\/gold-detactpro.com\/tr\/wp-json\/wp\/v2\/product_brand?post=6734"},{"taxonomy":"product_cat","embeddable":true,"href":"https:\/\/gold-detactpro.com\/tr\/wp-json\/wp\/v2\/product_cat?post=6734"},{"taxonomy":"product_tag","embeddable":true,"href":"https:\/\/gold-detactpro.com\/tr\/wp-json\/wp\/v2\/product_tag?post=6734"}],"curies":[{"name":"wp","href":"https:\/\/api.w.org\/{rel}","templated":true}]}}