{"id":6728,"date":"2026-03-05T20:14:49","date_gmt":"2026-03-05T20:14:49","guid":{"rendered":"https:\/\/gold-detactpro.com\/product\/river-g-yeralti-suyu-dedektoru\/"},"modified":"2026-03-05T20:14:49","modified_gmt":"2026-03-05T17:14:49","slug":"river-g-yeralti-suyu-dedektoru","status":"publish","type":"product","link":"https:\/\/gold-detactpro.com\/tr\/urun\/river-g-yeralti-suyu-dedektoru\/","title":{"rendered":"River G &#8211; Yeralt\u0131 Suyu Dedekt\u00f6r\u00fc"},"content":{"rendered":"<div class=\"elementor-element elementor-element-d69ae1f elementor-widget elementor-widget-heading\" data-id=\"d69ae1f\" data-element_type=\"widget\" data-e-type=\"widget\" data-widget_type=\"heading.default\">\n<div class=\"elementor-element elementor-element-d69ae1f elementor-widget elementor-widget-heading\" data-id=\"d69ae1f\" data-element_type=\"widget\" data-e-type=\"widget\" data-widget_type=\"heading.default\">\n<h2 class=\"elementor-heading-title elementor-size-default\">RIVER-G cihaz\u0131n\u0131n \u00f6zellikleri:<\/h2>\n<\/div>\n<div class=\"elementor-element elementor-element-234c7663 color-scheme-inherit text-left elementor-widget elementor-widget-text-editor\" data-id=\"234c7663\" data-element_type=\"widget\" data-e-type=\"widget\" data-widget_type=\"text-editor.default\">\n<div>Cihaz, arama sonu\u00e7lar\u0131n\u0131 an\u0131nda raporlamak i\u00e7in entegre bir yaz\u0131c\u0131 ile birlikte gelir.<br \/>\nEn iyi sondaj konumunu g\u00f6steren bir sinyal g\u00f6r\u00fcnt\u00fcler.<br \/>\nY\u00fcksek h\u0131zl\u0131 hedef tespiti ve hassas konum belirleme.<br \/>\nArama alan\u0131ndaki do\u011frulu\u011fu art\u0131rmak i\u00e7in benzersiz bir \u00f6zellik eklenmi\u015ftir: k\u0131ta, \u00fclke ve toprak tipini (kumlu, killi, kar\u0131\u015f\u0131k, kayal\u0131k) se\u00e7me kapasitesi.<br \/>\nRIVER-G cihaz\u0131, \u00e7e\u015fitli arazilerde ve zorlu iklim ko\u015fullar\u0131nda daha kolay \u00e7al\u0131\u015fmak \u00fczere geli\u015ftirilmi\u015ftir.<br \/>\nAlt\u0131 dilde \u00e7al\u0131\u015f\u0131r: Almanca \u2013 \u0130ngilizce \u2013 Frans\u0131zca \u2013 \u0130spanyolca \u2013 \u0130talyanca \u2013 Arap\u00e7a.<\/div>\n<\/div>\n<\/div>\n","protected":false},"excerpt":{"rendered":"<p>Yeralt\u0131ndaki elmas ve de\u011ferli ta\u015flar\u0131 tespit etmede uzmanla\u015fm\u0131\u015f 3 yenilik\u00e7i sisteme sahip uzun menzilli konum belirleyici.<\/p>\n","protected":false},"featured_media":5737,"comment_status":"closed","ping_status":"closed","template":"","meta":{"_uag_custom_page_level_css":"","site-sidebar-layout":"default","site-content-layout":"","ast-site-content-layout":"default","site-content-style":"default","site-sidebar-style":"default","ast-global-header-display":"","ast-banner-title-visibility":"","ast-main-header-display":"","ast-hfb-above-header-display":"","ast-hfb-below-header-display":"","ast-hfb-mobile-header-display":"","site-post-title":"","ast-breadcrumbs-content":"","ast-featured-img":"","footer-sml-layout":"","ast-disable-related-posts":"","theme-transparent-header-meta":"default","adv-header-id-meta":"","stick-header-meta":"","header-above-stick-meta":"","header-main-stick-meta":"","header-below-stick-meta":"","astra-migrate-meta-layouts":"default","ast-page-background-enabled":"default","ast-page-background-meta":{"desktop":{"background-color":"","background-image":"","background-repeat":"repeat","background-position":"center center","background-size":"auto","background-attachment":"scroll","background-type":"","background-media":"","overlay-type":"","overlay-color":"","overlay-opacity":"","overlay-gradient":""},"tablet":{"background-color":"","background-image":"","background-repeat":"repeat","background-position":"center center","background-size":"auto","background-attachment":"scroll","background-type":"","background-media":"","overlay-type":"","overlay-color":"","overlay-opacity":"","overlay-gradient":""},"mobile":{"background-color":"","background-image":"","background-repeat":"repeat","background-position":"center center","background-size":"auto","background-attachment":"scroll","background-type":"","background-media":"","overlay-type":"","overlay-color":"","overlay-opacity":"","overlay-gradient":""}},"ast-content-background-meta":{"desktop":{"background-color":"var(--ast-global-color-5)","background-image":"","background-repeat":"repeat","background-position":"center center","background-size":"auto","background-attachment":"scroll","background-type":"","background-media":"","overlay-type":"","overlay-color":"","overlay-opacity":"","overlay-gradient":""},"tablet":{"background-color":"var(--ast-global-color-5)","background-image":"","background-repeat":"repeat","background-position":"center center","background-size":"auto","background-attachment":"scroll","background-type":"","background-media":"","overlay-type":"","overlay-color":"","overlay-opacity":"","overlay-gradient":""},"mobile":{"background-color":"var(--ast-global-color-5)","background-image":"","background-repeat":"repeat","background-position":"center center","background-size":"auto","background-attachment":"scroll","background-type":"","background-media":"","overlay-type":"","overlay-color":"","overlay-opacity":"","overlay-gradient":""}}},"product_brand":[],"product_cat":[24],"product_tag":[],"class_list":{"0":"post-6728","1":"product","2":"type-product","3":"status-publish","4":"has-post-thumbnail","6":"product_cat-groundwater-well-detectors","7":"desktop-align-center","8":"tablet-align-center","9":"mobile-align-center","11":"first","12":"instock","13":"featured","14":"shipping-taxable","15":"purchasable","16":"product-type-simple"},"uagb_featured_image_src":{"full":["https:\/\/gold-detactpro.com\/wp-content\/uploads\/2026\/03\/RiverG-3-Systems-005-1.webp",1080,1080,false],"thumbnail":["https:\/\/gold-detactpro.com\/wp-content\/uploads\/2026\/03\/RiverG-3-Systems-005-1-150x150.webp",150,150,true],"medium":["https:\/\/gold-detactpro.com\/wp-content\/uploads\/2026\/03\/RiverG-3-Systems-005-1-300x300.webp",300,300,true],"medium_large":["https:\/\/gold-detactpro.com\/wp-content\/uploads\/2026\/03\/RiverG-3-Systems-005-1-768x768.webp",768,768,true],"large":["https:\/\/gold-detactpro.com\/wp-content\/uploads\/2026\/03\/RiverG-3-Systems-005-1-1024x1024.webp",1024,1024,true],"1536x1536":["https:\/\/gold-detactpro.com\/wp-content\/uploads\/2026\/03\/RiverG-3-Systems-005-1.webp",1080,1080,false],"2048x2048":["https:\/\/gold-detactpro.com\/wp-content\/uploads\/2026\/03\/RiverG-3-Systems-005-1.webp",1080,1080,false],"woocommerce_thumbnail":["https:\/\/gold-detactpro.com\/wp-content\/uploads\/2026\/03\/RiverG-3-Systems-005-1-300x300.webp",300,300,true],"woocommerce_single":["https:\/\/gold-detactpro.com\/wp-content\/uploads\/2026\/03\/RiverG-3-Systems-005-1-600x600.webp",600,600,true],"woocommerce_gallery_thumbnail":["https:\/\/gold-detactpro.com\/wp-content\/uploads\/2026\/03\/RiverG-3-Systems-005-1-100x100.webp",100,100,true]},"uagb_author_info":{"display_name":"Mohamad","author_link":"https:\/\/gold-detactpro.com\/tr\/author\/"},"uagb_comment_info":0,"uagb_excerpt":"Yeralt\u0131ndaki elmas ve de\u011ferli ta\u015flar\u0131 tespit etmede uzmanla\u015fm\u0131\u015f 3 yenilik\u00e7i sisteme sahip uzun menzilli konum belirleyici.","_links":{"self":[{"href":"https:\/\/gold-detactpro.com\/tr\/wp-json\/wp\/v2\/product\/6728","targetHints":{"allow":["GET"]}}],"collection":[{"href":"https:\/\/gold-detactpro.com\/tr\/wp-json\/wp\/v2\/product"}],"about":[{"href":"https:\/\/gold-detactpro.com\/tr\/wp-json\/wp\/v2\/types\/product"}],"replies":[{"embeddable":true,"href":"https:\/\/gold-detactpro.com\/tr\/wp-json\/wp\/v2\/comments?post=6728"}],"wp:featuredmedia":[{"embeddable":true,"href":"https:\/\/gold-detactpro.com\/tr\/wp-json\/wp\/v2\/media\/5737"}],"wp:attachment":[{"href":"https:\/\/gold-detactpro.com\/tr\/wp-json\/wp\/v2\/media?parent=6728"}],"wp:term":[{"taxonomy":"product_brand","embeddable":true,"href":"https:\/\/gold-detactpro.com\/tr\/wp-json\/wp\/v2\/product_brand?post=6728"},{"taxonomy":"product_cat","embeddable":true,"href":"https:\/\/gold-detactpro.com\/tr\/wp-json\/wp\/v2\/product_cat?post=6728"},{"taxonomy":"product_tag","embeddable":true,"href":"https:\/\/gold-detactpro.com\/tr\/wp-json\/wp\/v2\/product_tag?post=6728"}],"curies":[{"name":"wp","href":"https:\/\/api.w.org\/{rel}","templated":true}]}}