{"id":6710,"date":"2026-03-05T20:14:49","date_gmt":"2026-03-05T20:14:49","guid":{"rendered":"https:\/\/gold-detactpro.com\/product\/altin-dedektoru\/"},"modified":"2026-03-05T20:14:49","modified_gmt":"2026-03-05T17:14:49","slug":"altin-dedektoru","status":"publish","type":"product","link":"https:\/\/gold-detactpro.com\/tr\/urun\/altin-dedektoru\/","title":{"rendered":"Alt\u0131n Dedekt\u00f6r\u00fc"},"content":{"rendered":"<p><strong>1. Genel Arama Sistemi:<\/strong><br \/>\nBu sistem, her t\u00fcrl\u00fc hedefi (b\u00fcy\u00fck ve k\u00fc\u00e7\u00fck) arayabilir.<\/p>\n<p><strong>2. K\u00fc\u00e7\u00fck Hedef Arama Sistemi:<\/strong><br \/>\nBu sistem, k\u00fc\u00e7\u00fck hedefleri (ham alt\u0131n, alt\u0131n damarlar\u0131, k\u00fc\u00e7\u00fck alt\u0131n pullar\u0131 ve metal paralar gibi) tespit etmede uzmanla\u015fm\u0131\u015ft\u0131r.<\/p>\n<p><strong>3. Y\u00fcksek Derinlik Arama Sistemi:<\/strong><br \/>\nBu sistem, b\u00fcy\u00fck hedefleri (gizli hazineler gibi) y\u00fcksek derinliklerde tespit etmede uzmanla\u015fm\u0131\u015ft\u0131r.<\/p>\n<p><strong>4. Sert Zemin Arama Sistemi:<\/strong><br \/>\nBu sistem, y\u00fcksek g\u00fcr\u00fclt\u00fcl\u00fc ortamlarda ve mineral a\u00e7\u0131s\u0131ndan zengin, saf olmayan en zorlu toprak t\u00fcrlerinde hedefleri ke\u015ffetmede \u00fcst\u00fcnd\u00fcr.<\/p>\n<p><strong>5. Ak\u0131ll\u0131 Tarama Sistemi:<\/strong><br \/>\nBu benzersiz sistem, iki \u00f6zelli\u011fi birle\u015ftirerek, k\u00fc\u00e7\u00fck hedefleri tespit etme yetene\u011fini kaybetmeden b\u00fcy\u00fck derinliklere ula\u015f\u0131r.<\/p>\n<p><strong>6. \u00d6zel Arama Sistemi:<\/strong><br \/>\nBu sistem, yirmiden fazla metal t\u00fcr\u00fcn\u00fcn frekanslar\u0131n\u0131 depolayarak, kullan\u0131c\u0131lar\u0131n aranacak veya g\u00f6z ard\u0131 edilecek metali se\u00e7mesini sa\u011flar.<br \/>\nAyn\u0131 anda birden fazla metali arayabilir veya ayn\u0131 anda birka\u00e7 metali g\u00f6z ard\u0131 edebilir.<\/p>\n<p><strong>7. Hedef Konumland\u0131rma Sistemi (\u0130\u015faret\u00e7i):<\/strong><br \/>\nBu sistem, hedef konumlar\u0131n\u0131 do\u011fru bir \u015fekilde belirlemede, b\u00fcy\u00fck derinliklere ula\u015fmada ve ara\u015ft\u0131rmac\u0131 i\u00e7in kaz\u0131 s\u00fcrecini kolayla\u015ft\u0131rmada uzmanla\u015fm\u0131\u015ft\u0131r.<\/p>\n","protected":false},"excerpt":{"rendered":"<p>Profesyonel darbe ind\u00fcksiyonlu metal dedekt\u00f6r\u00fc. Alt\u0131n ve ma\u011faralar i\u00e7in t\u00fcm arazilerde 4 metreye kadar y\u00fcksek do\u011fruluk. <\/p>\n","protected":false},"featured_media":5684,"comment_status":"closed","ping_status":"closed","template":"","meta":{"_uag_custom_page_level_css":"","site-sidebar-layout":"default","site-content-layout":"","ast-site-content-layout":"default","site-content-style":"default","site-sidebar-style":"default","ast-global-header-display":"","ast-banner-title-visibility":"","ast-main-header-display":"","ast-hfb-above-header-display":"","ast-hfb-below-header-display":"","ast-hfb-mobile-header-display":"","site-post-title":"","ast-breadcrumbs-content":"","ast-featured-img":"","footer-sml-layout":"","ast-disable-related-posts":"","theme-transparent-header-meta":"default","adv-header-id-meta":"","stick-header-meta":"","header-above-stick-meta":"","header-main-stick-meta":"","header-below-stick-meta":"","astra-migrate-meta-layouts":"default","ast-page-background-enabled":"default","ast-page-background-meta":{"desktop":{"background-color":"","background-image":"","background-repeat":"repeat","background-position":"center center","background-size":"auto","background-attachment":"scroll","background-type":"","background-media":"","overlay-type":"","overlay-color":"","overlay-opacity":"","overlay-gradient":""},"tablet":{"background-color":"","background-image":"","background-repeat":"repeat","background-position":"center center","background-size":"auto","background-attachment":"scroll","background-type":"","background-media":"","overlay-type":"","overlay-color":"","overlay-opacity":"","overlay-gradient":""},"mobile":{"background-color":"","background-image":"","background-repeat":"repeat","background-position":"center center","background-size":"auto","background-attachment":"scroll","background-type":"","background-media":"","overlay-type":"","overlay-color":"","overlay-opacity":"","overlay-gradient":""}},"ast-content-background-meta":{"desktop":{"background-color":"var(--ast-global-color-5)","background-image":"","background-repeat":"repeat","background-position":"center center","background-size":"auto","background-attachment":"scroll","background-type":"","background-media":"","overlay-type":"","overlay-color":"","overlay-opacity":"","overlay-gradient":""},"tablet":{"background-color":"var(--ast-global-color-5)","background-image":"","background-repeat":"repeat","background-position":"center center","background-size":"auto","background-attachment":"scroll","background-type":"","background-media":"","overlay-type":"","overlay-color":"","overlay-opacity":"","overlay-gradient":""},"mobile":{"background-color":"var(--ast-global-color-5)","background-image":"","background-repeat":"repeat","background-position":"center center","background-size":"auto","background-attachment":"scroll","background-type":"","background-media":"","overlay-type":"","overlay-color":"","overlay-opacity":"","overlay-gradient":""}}},"product_brand":[],"product_cat":[52],"product_tag":[],"class_list":{"0":"post-6710","1":"product","2":"type-product","3":"status-publish","4":"has-post-thumbnail","6":"product_cat-altin-ve-metal-dedektorleri","7":"desktop-align-center","8":"tablet-align-center","9":"mobile-align-center","11":"first","12":"instock","13":"featured","14":"shipping-taxable","15":"purchasable","16":"product-type-simple"},"uagb_featured_image_src":{"full":["https:\/\/gold-detactpro.com\/wp-content\/uploads\/2026\/03\/UIG-Gold-Digger-Detector00006.jpg",1058,916,false],"thumbnail":["https:\/\/gold-detactpro.com\/wp-content\/uploads\/2026\/03\/UIG-Gold-Digger-Detector00006-150x150.jpg",150,150,true],"medium":["https:\/\/gold-detactpro.com\/wp-content\/uploads\/2026\/03\/UIG-Gold-Digger-Detector00006-300x260.jpg",300,260,true],"medium_large":["https:\/\/gold-detactpro.com\/wp-content\/uploads\/2026\/03\/UIG-Gold-Digger-Detector00006-768x665.jpg",768,665,true],"large":["https:\/\/gold-detactpro.com\/wp-content\/uploads\/2026\/03\/UIG-Gold-Digger-Detector00006-1024x887.jpg",1024,887,true],"1536x1536":["https:\/\/gold-detactpro.com\/wp-content\/uploads\/2026\/03\/UIG-Gold-Digger-Detector00006.jpg",1058,916,false],"2048x2048":["https:\/\/gold-detactpro.com\/wp-content\/uploads\/2026\/03\/UIG-Gold-Digger-Detector00006.jpg",1058,916,false],"woocommerce_thumbnail":["https:\/\/gold-detactpro.com\/wp-content\/uploads\/2026\/03\/UIG-Gold-Digger-Detector00006-300x300.jpg",300,300,true],"woocommerce_single":["https:\/\/gold-detactpro.com\/wp-content\/uploads\/2026\/03\/UIG-Gold-Digger-Detector00006-600x519.jpg",600,519,true],"woocommerce_gallery_thumbnail":["https:\/\/gold-detactpro.com\/wp-content\/uploads\/2026\/03\/UIG-Gold-Digger-Detector00006-100x100.jpg",100,100,true]},"uagb_author_info":{"display_name":"Mohamad","author_link":"https:\/\/gold-detactpro.com\/tr\/author\/"},"uagb_comment_info":0,"uagb_excerpt":"Profesyonel darbe ind\u00fcksiyonlu metal dedekt\u00f6r\u00fc. Alt\u0131n ve ma\u011faralar i\u00e7in t\u00fcm arazilerde 4 metreye kadar y\u00fcksek do\u011fruluk.","_links":{"self":[{"href":"https:\/\/gold-detactpro.com\/tr\/wp-json\/wp\/v2\/product\/6710","targetHints":{"allow":["GET"]}}],"collection":[{"href":"https:\/\/gold-detactpro.com\/tr\/wp-json\/wp\/v2\/product"}],"about":[{"href":"https:\/\/gold-detactpro.com\/tr\/wp-json\/wp\/v2\/types\/product"}],"replies":[{"embeddable":true,"href":"https:\/\/gold-detactpro.com\/tr\/wp-json\/wp\/v2\/comments?post=6710"}],"wp:featuredmedia":[{"embeddable":true,"href":"https:\/\/gold-detactpro.com\/tr\/wp-json\/wp\/v2\/media\/5684"}],"wp:attachment":[{"href":"https:\/\/gold-detactpro.com\/tr\/wp-json\/wp\/v2\/media?parent=6710"}],"wp:term":[{"taxonomy":"product_brand","embeddable":true,"href":"https:\/\/gold-detactpro.com\/tr\/wp-json\/wp\/v2\/product_brand?post=6710"},{"taxonomy":"product_cat","embeddable":true,"href":"https:\/\/gold-detactpro.com\/tr\/wp-json\/wp\/v2\/product_cat?post=6710"},{"taxonomy":"product_tag","embeddable":true,"href":"https:\/\/gold-detactpro.com\/tr\/wp-json\/wp\/v2\/product_tag?post=6710"}],"curies":[{"name":"wp","href":"https:\/\/api.w.org\/{rel}","templated":true}]}}