{"id":6706,"date":"2026-03-05T20:14:49","date_gmt":"2026-03-05T20:14:49","guid":{"rendered":"https:\/\/gold-detactpro.com\/product\/gold-hunter-smart\/"},"modified":"2026-03-05T20:14:49","modified_gmt":"2026-03-05T17:14:49","slug":"gold-hunter-smart","status":"publish","type":"product","link":"https:\/\/gold-detactpro.com\/tr\/urun\/gold-hunter-smart\/","title":{"rendered":"Gold Hunter Smart"},"content":{"rendered":"<div class=\"elementor-element elementor-element-8c36a71 elementor-widget elementor-widget-heading\" data-id=\"8c36a71\" data-element_type=\"widget\" data-e-type=\"widget\" data-widget_type=\"heading.default\">\n<h3 class=\"elementor-heading-title elementor-size-default\">Gold Hunter Smart Cihaz\u0131n\u0131n \u00d6zellikleri ve Avantajlar\u0131<\/h3>\n<\/div>\n<div class=\"elementor-element elementor-element-508f22f color-scheme-inherit text-left elementor-widget elementor-widget-text-editor\" data-id=\"508f22f\" data-element_type=\"widget\" data-e-type=\"widget\" data-widget_type=\"text-editor.default\">\n<div>\u2013 Son derece h\u0131zl\u0131 hedef tespiti ve do\u011fru konum belirleme.<br \/>\n\u2013 Hedefli aramalar i\u00e7in k\u0131ta se\u00e7imi sa\u011flayan konum se\u00e7im simgesi.<br \/>\n\u2013 K\u0131talar aras\u0131 yeralt\u0131ndaki alt\u0131n, metal ve elmas frekanslar\u0131ndaki farkl\u0131l\u0131klar nedeniyle arama alan\u0131nda daha do\u011fru sonu\u00e7lar i\u00e7in ek \u00f6zellik.<br \/>\n\u2013 \u00d6n menzil 100 metreden 500 metreye, 1000 metreye, 1500 metreye, 2000 metreye, 2500 metreye ve 3000 metreye kadar se\u00e7ilebilir.<br \/>\n\u2013 Alt\u0131 dilde \u00e7al\u0131\u015f\u0131r: Almanca, \u0130ngilizce, Frans\u0131zca, \u0130spanyolca, \u0130talyanca ve Arap\u00e7a.<br \/>\n\u2013 Arama derinli\u011fi yeralt\u0131nda 50 metreye kadar ula\u015f\u0131r, 3000 metrelik \u00f6n menzil ile hedefin yeralt\u0131ndaki derinli\u011fini metre ve santimetre cinsinden hassas bir \u015fekilde belirlemeyi sa\u011flar.<br \/>\n\u2013 Islak, mineral tuzlarca zengin, metalik kayalar veya bazaltik kayalar gibi toprak tiplerinden etkilenmeyen otomatik bir sistemle \u00e7al\u0131\u015f\u0131r.<\/div>\n<\/div>\n","protected":false},"excerpt":{"rendered":"<p>Alt\u0131n, g\u00f6m\u00fcl\u00fc hazineler, elmaslar ve de\u011ferli ta\u015flar konusunda uzmanla\u015fm\u0131\u015f 4 profesyonel sisteme sahip uzun menzilli bulucu.<\/p>\n","protected":false},"featured_media":5717,"comment_status":"closed","ping_status":"closed","template":"","meta":{"_uag_custom_page_level_css":"","site-sidebar-layout":"default","site-content-layout":"","ast-site-content-layout":"default","site-content-style":"default","site-sidebar-style":"default","ast-global-header-display":"","ast-banner-title-visibility":"","ast-main-header-display":"","ast-hfb-above-header-display":"","ast-hfb-below-header-display":"","ast-hfb-mobile-header-display":"","site-post-title":"","ast-breadcrumbs-content":"","ast-featured-img":"","footer-sml-layout":"","ast-disable-related-posts":"","theme-transparent-header-meta":"default","adv-header-id-meta":"","stick-header-meta":"","header-above-stick-meta":"","header-main-stick-meta":"","header-below-stick-meta":"","astra-migrate-meta-layouts":"default","ast-page-background-enabled":"default","ast-page-background-meta":{"desktop":{"background-color":"","background-image":"","background-repeat":"repeat","background-position":"center center","background-size":"auto","background-attachment":"scroll","background-type":"","background-media":"","overlay-type":"","overlay-color":"","overlay-opacity":"","overlay-gradient":""},"tablet":{"background-color":"","background-image":"","background-repeat":"repeat","background-position":"center center","background-size":"auto","background-attachment":"scroll","background-type":"","background-media":"","overlay-type":"","overlay-color":"","overlay-opacity":"","overlay-gradient":""},"mobile":{"background-color":"","background-image":"","background-repeat":"repeat","background-position":"center center","background-size":"auto","background-attachment":"scroll","background-type":"","background-media":"","overlay-type":"","overlay-color":"","overlay-opacity":"","overlay-gradient":""}},"ast-content-background-meta":{"desktop":{"background-color":"var(--ast-global-color-5)","background-image":"","background-repeat":"repeat","background-position":"center center","background-size":"auto","background-attachment":"scroll","background-type":"","background-media":"","overlay-type":"","overlay-color":"","overlay-opacity":"","overlay-gradient":""},"tablet":{"background-color":"var(--ast-global-color-5)","background-image":"","background-repeat":"repeat","background-position":"center center","background-size":"auto","background-attachment":"scroll","background-type":"","background-media":"","overlay-type":"","overlay-color":"","overlay-opacity":"","overlay-gradient":""},"mobile":{"background-color":"var(--ast-global-color-5)","background-image":"","background-repeat":"repeat","background-position":"center center","background-size":"auto","background-attachment":"scroll","background-type":"","background-media":"","overlay-type":"","overlay-color":"","overlay-opacity":"","overlay-gradient":""}}},"product_brand":[],"product_cat":[52,55],"product_tag":[],"class_list":{"0":"post-6706","1":"product","2":"type-product","3":"status-publish","4":"has-post-thumbnail","6":"product_cat-altin-ve-metal-dedektorleri","7":"product_cat-elmas-degerli-tas-dedektorleri","8":"desktop-align-center","9":"tablet-align-center","10":"mobile-align-center","12":"first","13":"instock","14":"featured","15":"shipping-taxable","16":"purchasable","17":"product-type-simple"},"uagb_featured_image_src":{"full":["https:\/\/gold-detactpro.com\/wp-content\/uploads\/2026\/03\/10-2.jpg",1080,945,false],"thumbnail":["https:\/\/gold-detactpro.com\/wp-content\/uploads\/2026\/03\/10-2-150x150.jpg",150,150,true],"medium":["https:\/\/gold-detactpro.com\/wp-content\/uploads\/2026\/03\/10-2-300x263.jpg",300,263,true],"medium_large":["https:\/\/gold-detactpro.com\/wp-content\/uploads\/2026\/03\/10-2-768x672.jpg",768,672,true],"large":["https:\/\/gold-detactpro.com\/wp-content\/uploads\/2026\/03\/10-2-1024x896.jpg",1024,896,true],"1536x1536":["https:\/\/gold-detactpro.com\/wp-content\/uploads\/2026\/03\/10-2.jpg",1080,945,false],"2048x2048":["https:\/\/gold-detactpro.com\/wp-content\/uploads\/2026\/03\/10-2.jpg",1080,945,false],"woocommerce_thumbnail":["https:\/\/gold-detactpro.com\/wp-content\/uploads\/2026\/03\/10-2-300x300.jpg",300,300,true],"woocommerce_single":["https:\/\/gold-detactpro.com\/wp-content\/uploads\/2026\/03\/10-2-600x525.jpg",600,525,true],"woocommerce_gallery_thumbnail":["https:\/\/gold-detactpro.com\/wp-content\/uploads\/2026\/03\/10-2-100x100.jpg",100,100,true]},"uagb_author_info":{"display_name":"Mohamad","author_link":"https:\/\/gold-detactpro.com\/tr\/author\/"},"uagb_comment_info":0,"uagb_excerpt":"Alt\u0131n, g\u00f6m\u00fcl\u00fc hazineler, elmaslar ve de\u011ferli ta\u015flar konusunda uzmanla\u015fm\u0131\u015f 4 profesyonel sisteme sahip uzun menzilli bulucu.","_links":{"self":[{"href":"https:\/\/gold-detactpro.com\/tr\/wp-json\/wp\/v2\/product\/6706","targetHints":{"allow":["GET"]}}],"collection":[{"href":"https:\/\/gold-detactpro.com\/tr\/wp-json\/wp\/v2\/product"}],"about":[{"href":"https:\/\/gold-detactpro.com\/tr\/wp-json\/wp\/v2\/types\/product"}],"replies":[{"embeddable":true,"href":"https:\/\/gold-detactpro.com\/tr\/wp-json\/wp\/v2\/comments?post=6706"}],"wp:featuredmedia":[{"embeddable":true,"href":"https:\/\/gold-detactpro.com\/tr\/wp-json\/wp\/v2\/media\/5717"}],"wp:attachment":[{"href":"https:\/\/gold-detactpro.com\/tr\/wp-json\/wp\/v2\/media?parent=6706"}],"wp:term":[{"taxonomy":"product_brand","embeddable":true,"href":"https:\/\/gold-detactpro.com\/tr\/wp-json\/wp\/v2\/product_brand?post=6706"},{"taxonomy":"product_cat","embeddable":true,"href":"https:\/\/gold-detactpro.com\/tr\/wp-json\/wp\/v2\/product_cat?post=6706"},{"taxonomy":"product_tag","embeddable":true,"href":"https:\/\/gold-detactpro.com\/tr\/wp-json\/wp\/v2\/product_tag?post=6706"}],"curies":[{"name":"wp","href":"https:\/\/api.w.org\/{rel}","templated":true}]}}