{"id":6695,"date":"2026-03-05T20:14:48","date_gmt":"2026-03-05T20:14:48","guid":{"rendered":"https:\/\/gold-detactpro.com\/product\/uig-watch-degerli-metaller-ve-bosluk-dedektoru\/"},"modified":"2026-03-05T20:14:48","modified_gmt":"2026-03-05T17:14:48","slug":"uig-watch-degerli-metaller-ve-bosluk-dedektoru","status":"publish","type":"product","link":"https:\/\/gold-detactpro.com\/tr\/urun\/uig-watch-degerli-metaller-ve-bosluk-dedektoru\/","title":{"rendered":"UIG Watch &#8211; De\u011ferli Metaller ve Bo\u015fluk Dedekt\u00f6r\u00fc"},"content":{"rendered":"<p>UIG Watch: \u0130lk Patentli Nanoteknoloji Cihaz\u0131<\/p>\n<p>De\u011ferli metalleri, g\u00f6m\u00fcl\u00fc hazineleri, eserleri, ge\u00e7itleri, ma\u011faralar\u0131 ve yeralt\u0131 bo\u015fluklar\u0131n\u0131 tespit etmek i\u00e7in<br \/>\nUIG Watch: Tek bir cihazda \u00fc\u00e7 tespit ve g\u00f6r\u00fcnt\u00fcleme sistemi<\/p>\n<p>Modern nanoteknoloji d\u00fcnyas\u0131nda ilk kez sizlere, d\u00fcnyan\u0131n ilk patentli cihaz\u0131 olan UIG Watch&#8217;\u0131 sunmaktan mutluluk duyuyoruz. Bu, en son geli\u015fmi\u015f teknolojileri kullanan ve 85 gramdan daha az a\u011f\u0131rl\u0131kta olan, d\u00fcnyan\u0131n en k\u00fc\u00e7\u00fck 3D g\u00f6r\u00fcnt\u00fcleme cihaz\u0131d\u0131r, bu da onu kolayca ta\u015f\u0131nabilir ve gizlenebilir k\u0131lar. <\/p>\n<p>UIG Watch, de\u011ferli metalleri, g\u00f6m\u00fcl\u00fc hazineleri, arkeolojik buluntular\u0131, ge\u00e7itleri, ma\u011faralar\u0131 ve yeralt\u0131 bo\u015fluklar\u0131n\u0131 kolayl\u0131kla ke\u015ffetmeyi ve aramay\u0131 kolayla\u015ft\u0131r\u0131r. Ayr\u0131ca, yeralt\u0131nda 20 metreye kadar derinliklere ula\u015farak antik ve arkeolojik duvarlar\u0131n hassas taramas\u0131n\u0131 yapar. Derinlik metre ve santimetre cinsinden \u00f6l\u00e7\u00fclebilir ve cihaz, metaller ile bo\u015fluklar\u0131 y\u00fcksek do\u011frulukla ay\u0131rt edebilir.  <\/p>\n<p>De\u011ferli metalleri, g\u00f6m\u00fcl\u00fc hazineleri, antik eserleri, bo\u015fluklar\u0131, ma\u011faralar\u0131 ve yeralt\u0131 mezarlar\u0131n\u0131 tespit etmek i\u00e7in.<\/p>\n<p>Cihaz, yeralt\u0131nda 20 metre derinli\u011fe ula\u015f\u0131r ve derinli\u011fi metre ve santimetre olarak belirleme yetene\u011fine sahiptir.<\/p>\n<p>UIG Watch yedi dilde \u00e7al\u0131\u015f\u0131r: \u0130ngilizce, Almanca, \u0130spanyolca, Frans\u0131zca, Portekizce, Fars\u00e7a ve Arap\u00e7a. De\u011ferli metalleri, g\u00f6m\u00fcl\u00fc hazineleri, antik eserleri, bo\u015fluklar\u0131, ma\u011faralar\u0131 ve yeralt\u0131 mezarlar\u0131n\u0131 tespit etmek i\u00e7in. <\/p>\n","protected":false},"excerpt":{"rendered":"<p>Bu cihaz \u00fc\u00e7 geli\u015fmi\u015f g\u00f6r\u00fcnt\u00fcleme sistemiyle \u00e7al\u0131\u015f\u0131r: D\u00fcnyan\u0131n en k\u00fc\u00e7\u00fck, tamamen gizlenebilir g\u00f6r\u00fcnt\u00fcleme cihaz\u0131.<\/p>\n","protected":false},"featured_media":5623,"comment_status":"closed","ping_status":"closed","template":"","meta":{"_uag_custom_page_level_css":"","site-sidebar-layout":"default","site-content-layout":"","ast-site-content-layout":"default","site-content-style":"default","site-sidebar-style":"default","ast-global-header-display":"","ast-banner-title-visibility":"","ast-main-header-display":"","ast-hfb-above-header-display":"","ast-hfb-below-header-display":"","ast-hfb-mobile-header-display":"","site-post-title":"","ast-breadcrumbs-content":"","ast-featured-img":"","footer-sml-layout":"","ast-disable-related-posts":"","theme-transparent-header-meta":"default","adv-header-id-meta":"","stick-header-meta":"","header-above-stick-meta":"","header-main-stick-meta":"","header-below-stick-meta":"","astra-migrate-meta-layouts":"default","ast-page-background-enabled":"default","ast-page-background-meta":{"desktop":{"background-color":"","background-image":"","background-repeat":"repeat","background-position":"center center","background-size":"auto","background-attachment":"scroll","background-type":"","background-media":"","overlay-type":"","overlay-color":"","overlay-opacity":"","overlay-gradient":""},"tablet":{"background-color":"","background-image":"","background-repeat":"repeat","background-position":"center center","background-size":"auto","background-attachment":"scroll","background-type":"","background-media":"","overlay-type":"","overlay-color":"","overlay-opacity":"","overlay-gradient":""},"mobile":{"background-color":"","background-image":"","background-repeat":"repeat","background-position":"center center","background-size":"auto","background-attachment":"scroll","background-type":"","background-media":"","overlay-type":"","overlay-color":"","overlay-opacity":"","overlay-gradient":""}},"ast-content-background-meta":{"desktop":{"background-color":"var(--ast-global-color-5)","background-image":"","background-repeat":"repeat","background-position":"center center","background-size":"auto","background-attachment":"scroll","background-type":"","background-media":"","overlay-type":"","overlay-color":"","overlay-opacity":"","overlay-gradient":""},"tablet":{"background-color":"var(--ast-global-color-5)","background-image":"","background-repeat":"repeat","background-position":"center center","background-size":"auto","background-attachment":"scroll","background-type":"","background-media":"","overlay-type":"","overlay-color":"","overlay-opacity":"","overlay-gradient":""},"mobile":{"background-color":"var(--ast-global-color-5)","background-image":"","background-repeat":"repeat","background-position":"center center","background-size":"auto","background-attachment":"scroll","background-type":"","background-media":"","overlay-type":"","overlay-color":"","overlay-opacity":"","overlay-gradient":""}}},"product_brand":[],"product_cat":[52,53],"product_tag":[],"class_list":{"0":"post-6695","1":"product","2":"type-product","3":"status-publish","4":"has-post-thumbnail","6":"product_cat-altin-ve-metal-dedektorleri","7":"product_cat-hazine-ve-bosluk-tespit-cihazlari","8":"desktop-align-center","9":"tablet-align-center","10":"mobile-align-center","12":"first","13":"instock","14":"featured","15":"shipping-taxable","16":"purchasable","17":"product-type-simple"},"uagb_featured_image_src":{"full":["https:\/\/gold-detactpro.com\/wp-content\/uploads\/2026\/03\/Watch-1.jpg",1155,1155,false],"thumbnail":["https:\/\/gold-detactpro.com\/wp-content\/uploads\/2026\/03\/Watch-1-150x150.jpg",150,150,true],"medium":["https:\/\/gold-detactpro.com\/wp-content\/uploads\/2026\/03\/Watch-1-300x300.jpg",300,300,true],"medium_large":["https:\/\/gold-detactpro.com\/wp-content\/uploads\/2026\/03\/Watch-1-768x768.jpg",768,768,true],"large":["https:\/\/gold-detactpro.com\/wp-content\/uploads\/2026\/03\/Watch-1-1024x1024.jpg",1024,1024,true],"1536x1536":["https:\/\/gold-detactpro.com\/wp-content\/uploads\/2026\/03\/Watch-1.jpg",1155,1155,false],"2048x2048":["https:\/\/gold-detactpro.com\/wp-content\/uploads\/2026\/03\/Watch-1.jpg",1155,1155,false],"woocommerce_thumbnail":["https:\/\/gold-detactpro.com\/wp-content\/uploads\/2026\/03\/Watch-1-300x300.jpg",300,300,true],"woocommerce_single":["https:\/\/gold-detactpro.com\/wp-content\/uploads\/2026\/03\/Watch-1-600x600.jpg",600,600,true],"woocommerce_gallery_thumbnail":["https:\/\/gold-detactpro.com\/wp-content\/uploads\/2026\/03\/Watch-1-100x100.jpg",100,100,true]},"uagb_author_info":{"display_name":"Mohamad","author_link":"https:\/\/gold-detactpro.com\/tr\/author\/"},"uagb_comment_info":0,"uagb_excerpt":"Bu cihaz \u00fc\u00e7 geli\u015fmi\u015f g\u00f6r\u00fcnt\u00fcleme sistemiyle \u00e7al\u0131\u015f\u0131r: D\u00fcnyan\u0131n en k\u00fc\u00e7\u00fck, tamamen gizlenebilir g\u00f6r\u00fcnt\u00fcleme cihaz\u0131.","_links":{"self":[{"href":"https:\/\/gold-detactpro.com\/tr\/wp-json\/wp\/v2\/product\/6695","targetHints":{"allow":["GET"]}}],"collection":[{"href":"https:\/\/gold-detactpro.com\/tr\/wp-json\/wp\/v2\/product"}],"about":[{"href":"https:\/\/gold-detactpro.com\/tr\/wp-json\/wp\/v2\/types\/product"}],"replies":[{"embeddable":true,"href":"https:\/\/gold-detactpro.com\/tr\/wp-json\/wp\/v2\/comments?post=6695"}],"wp:featuredmedia":[{"embeddable":true,"href":"https:\/\/gold-detactpro.com\/tr\/wp-json\/wp\/v2\/media\/5623"}],"wp:attachment":[{"href":"https:\/\/gold-detactpro.com\/tr\/wp-json\/wp\/v2\/media?parent=6695"}],"wp:term":[{"taxonomy":"product_brand","embeddable":true,"href":"https:\/\/gold-detactpro.com\/tr\/wp-json\/wp\/v2\/product_brand?post=6695"},{"taxonomy":"product_cat","embeddable":true,"href":"https:\/\/gold-detactpro.com\/tr\/wp-json\/wp\/v2\/product_cat?post=6695"},{"taxonomy":"product_tag","embeddable":true,"href":"https:\/\/gold-detactpro.com\/tr\/wp-json\/wp\/v2\/product_tag?post=6695"}],"curies":[{"name":"wp","href":"https:\/\/api.w.org\/{rel}","templated":true}]}}