{"id":6685,"date":"2026-03-05T20:14:49","date_gmt":"2026-03-05T20:14:49","guid":{"rendered":"https:\/\/gold-detactpro.com\/product\/zemin-tarayici\/"},"modified":"2026-03-05T20:14:49","modified_gmt":"2026-03-05T17:14:49","slug":"zemin-tarayici","status":"publish","type":"product","link":"https:\/\/gold-detactpro.com\/tr\/urun\/zemin-tarayici\/","title":{"rendered":"Zemin Taray\u0131c\u0131"},"content":{"rendered":"<div class=\"elementor-element elementor-element-20bb045c elementor-widget elementor-widget-heading\" data-id=\"20bb045c\" data-element_type=\"widget\" data-e-type=\"widget\" data-widget_type=\"heading.default\">\n<h2 class=\"elementor-heading-title elementor-size-default\">UIG GROUND SCANNER&#8217;\u0131n \u00d6zellikleri ve Nitelikleri:<\/h2>\n<\/div>\n<div class=\"elementor-element elementor-element-4bafcf8d color-scheme-inherit text-left elementor-widget elementor-widget-text-editor\" data-id=\"4bafcf8d\" data-element_type=\"widget\" data-e-type=\"widget\" data-widget_type=\"text-editor.default\">\n<div>\n<p>\u2013 Alt\u0131 dilde \u00e7al\u0131\u015f\u0131r: \u0130ngilizce \u2013 Arap\u00e7a \u2013 \u0130spanyolca \u2013 Frans\u0131zca \u2013 Almanca \u2013 Portekizce \u2013 Fars\u00e7a.<\/p>\n<p>\u2013 30 metreye kadar yeralt\u0131 arama derinli\u011fi, hedeflerin derinli\u011fini metre ve santimetre cinsinden belirleme kapasitesiyle.<\/p>\n<p>\u2013 Toprak tiplerinden (\u0131slak, mineral tuzlar a\u00e7\u0131s\u0131ndan zengin, metalik kayalar veya bazalt kayalar) etkilenmeyen otomatik i\u015fletim sistemi. Otomatik kalibrasyon teknolojisi kullanarak her t\u00fcrl\u00fc metalik kayay\u0131 a\u015fabilir. <\/p>\n<p>UIG GROUND SCANNER, \u00e7e\u015fitli arazilerde ve zorlu iklim ko\u015fullar\u0131nda kolayl\u0131kla \u00e7al\u0131\u015facak \u015fekilde geli\u015ftirilmi\u015ftir.<\/p>\n<p>Avrupa CE sertifikas\u0131na ve uluslararas\u0131 ISO 9001 sertifikas\u0131na sahip, \u00fcst\u00fcn Alman m\u00fchendisli\u011finin bir \u00fcr\u00fcn\u00fcd\u00fcr.<\/p>\n<p>T\u00fcm \u00fclkelerdeki ve iklimlerdeki operasyonlara uygun olarak tasarlanan UIG GROUND SCANNER, ka\u015fifler i\u00e7in yeni ufuklar a\u00e7maktad\u0131r.<\/p>\n<p>Ger\u00e7ek bir ke\u015fif yolculu\u011fu, yeni topraklara gitmenizi de\u011fil, yeni g\u00f6zlerle g\u00f6rmenizi gerektirir.<\/p>\n<p>Ke\u015fif yolculuklar\u0131n\u0131zda ba\u015far\u0131lar dileriz.<\/p>\n<\/div>\n<\/div>\n","protected":false},"excerpt":{"rendered":"<p>Alt\u0131n, bo\u015fluklar ve elmaslar i\u00e7in 5 arama sistemine sahip hepsi bir arada istasyon. Bir\u00e7ok dil ve daha fazla \u00f6zellik.<\/p>\n","protected":false},"featured_media":5703,"comment_status":"closed","ping_status":"closed","template":"","meta":{"_uag_custom_page_level_css":"","site-sidebar-layout":"default","site-content-layout":"","ast-site-content-layout":"default","site-content-style":"default","site-sidebar-style":"default","ast-global-header-display":"","ast-banner-title-visibility":"","ast-main-header-display":"","ast-hfb-above-header-display":"","ast-hfb-below-header-display":"","ast-hfb-mobile-header-display":"","site-post-title":"","ast-breadcrumbs-content":"","ast-featured-img":"","footer-sml-layout":"","ast-disable-related-posts":"","theme-transparent-header-meta":"default","adv-header-id-meta":"","stick-header-meta":"","header-above-stick-meta":"","header-main-stick-meta":"","header-below-stick-meta":"","astra-migrate-meta-layouts":"default","ast-page-background-enabled":"default","ast-page-background-meta":{"desktop":{"background-color":"","background-image":"","background-repeat":"repeat","background-position":"center center","background-size":"auto","background-attachment":"scroll","background-type":"","background-media":"","overlay-type":"","overlay-color":"","overlay-opacity":"","overlay-gradient":""},"tablet":{"background-color":"","background-image":"","background-repeat":"repeat","background-position":"center center","background-size":"auto","background-attachment":"scroll","background-type":"","background-media":"","overlay-type":"","overlay-color":"","overlay-opacity":"","overlay-gradient":""},"mobile":{"background-color":"","background-image":"","background-repeat":"repeat","background-position":"center center","background-size":"auto","background-attachment":"scroll","background-type":"","background-media":"","overlay-type":"","overlay-color":"","overlay-opacity":"","overlay-gradient":""}},"ast-content-background-meta":{"desktop":{"background-color":"var(--ast-global-color-5)","background-image":"","background-repeat":"repeat","background-position":"center center","background-size":"auto","background-attachment":"scroll","background-type":"","background-media":"","overlay-type":"","overlay-color":"","overlay-opacity":"","overlay-gradient":""},"tablet":{"background-color":"var(--ast-global-color-5)","background-image":"","background-repeat":"repeat","background-position":"center center","background-size":"auto","background-attachment":"scroll","background-type":"","background-media":"","overlay-type":"","overlay-color":"","overlay-opacity":"","overlay-gradient":""},"mobile":{"background-color":"var(--ast-global-color-5)","background-image":"","background-repeat":"repeat","background-position":"center center","background-size":"auto","background-attachment":"scroll","background-type":"","background-media":"","overlay-type":"","overlay-color":"","overlay-opacity":"","overlay-gradient":""}}},"product_brand":[],"product_cat":[25,17],"product_tag":[],"class_list":{"0":"post-6685","1":"product","2":"type-product","3":"status-publish","4":"has-post-thumbnail","6":"product_cat-gold-metal-detectors","7":"product_cat-treasure-and-void-detection-devices","8":"desktop-align-center","9":"tablet-align-center","10":"mobile-align-center","12":"first","13":"instock","14":"featured","15":"shipping-taxable","16":"purchasable","17":"product-type-simple"},"uagb_featured_image_src":{"full":["https:\/\/gold-detactpro.com\/wp-content\/uploads\/2026\/03\/7-1.webp",1080,1080,false],"thumbnail":["https:\/\/gold-detactpro.com\/wp-content\/uploads\/2026\/03\/7-1-150x150.webp",150,150,true],"medium":["https:\/\/gold-detactpro.com\/wp-content\/uploads\/2026\/03\/7-1-300x300.webp",300,300,true],"medium_large":["https:\/\/gold-detactpro.com\/wp-content\/uploads\/2026\/03\/7-1-768x768.webp",768,768,true],"large":["https:\/\/gold-detactpro.com\/wp-content\/uploads\/2026\/03\/7-1-1024x1024.webp",1024,1024,true],"1536x1536":["https:\/\/gold-detactpro.com\/wp-content\/uploads\/2026\/03\/7-1.webp",1080,1080,false],"2048x2048":["https:\/\/gold-detactpro.com\/wp-content\/uploads\/2026\/03\/7-1.webp",1080,1080,false],"woocommerce_thumbnail":["https:\/\/gold-detactpro.com\/wp-content\/uploads\/2026\/03\/7-1-300x300.webp",300,300,true],"woocommerce_single":["https:\/\/gold-detactpro.com\/wp-content\/uploads\/2026\/03\/7-1-600x600.webp",600,600,true],"woocommerce_gallery_thumbnail":["https:\/\/gold-detactpro.com\/wp-content\/uploads\/2026\/03\/7-1-100x100.webp",100,100,true]},"uagb_author_info":{"display_name":"Mohamad","author_link":"https:\/\/gold-detactpro.com\/tr\/author\/"},"uagb_comment_info":0,"uagb_excerpt":"Alt\u0131n, bo\u015fluklar ve elmaslar i\u00e7in 5 arama sistemine sahip hepsi bir arada istasyon. Bir\u00e7ok dil ve daha fazla \u00f6zellik.","_links":{"self":[{"href":"https:\/\/gold-detactpro.com\/tr\/wp-json\/wp\/v2\/product\/6685","targetHints":{"allow":["GET"]}}],"collection":[{"href":"https:\/\/gold-detactpro.com\/tr\/wp-json\/wp\/v2\/product"}],"about":[{"href":"https:\/\/gold-detactpro.com\/tr\/wp-json\/wp\/v2\/types\/product"}],"replies":[{"embeddable":true,"href":"https:\/\/gold-detactpro.com\/tr\/wp-json\/wp\/v2\/comments?post=6685"}],"wp:featuredmedia":[{"embeddable":true,"href":"https:\/\/gold-detactpro.com\/tr\/wp-json\/wp\/v2\/media\/5703"}],"wp:attachment":[{"href":"https:\/\/gold-detactpro.com\/tr\/wp-json\/wp\/v2\/media?parent=6685"}],"wp:term":[{"taxonomy":"product_brand","embeddable":true,"href":"https:\/\/gold-detactpro.com\/tr\/wp-json\/wp\/v2\/product_brand?post=6685"},{"taxonomy":"product_cat","embeddable":true,"href":"https:\/\/gold-detactpro.com\/tr\/wp-json\/wp\/v2\/product_cat?post=6685"},{"taxonomy":"product_tag","embeddable":true,"href":"https:\/\/gold-detactpro.com\/tr\/wp-json\/wp\/v2\/product_tag?post=6685"}],"curies":[{"name":"wp","href":"https:\/\/api.w.org\/{rel}","templated":true}]}}