{"id":6680,"date":"2026-03-05T20:14:49","date_gmt":"2026-03-05T20:14:49","guid":{"rendered":"https:\/\/gold-detactpro.com\/product\/easy-way-smart\/"},"modified":"2026-03-05T20:14:49","modified_gmt":"2026-03-05T17:14:49","slug":"easy-way-smart","status":"publish","type":"product","link":"https:\/\/gold-detactpro.com\/tr\/urun\/easy-way-smart\/","title":{"rendered":"Easy Way Smart"},"content":{"rendered":"<div class=\"elementor-element elementor-element-6156da9a elementor-widget elementor-widget-heading\" data-id=\"6156da9a\" data-element_type=\"widget\" data-e-type=\"widget\" data-widget_type=\"heading.default\">\n<h2 class=\"elementor-heading-title elementor-size-default\">Easy Way Smart Cihaz\u0131n\u0131n \u00d6zellikleri:<\/h2>\n<\/div>\n<div class=\"elementor-element elementor-element-62f88a9 color-scheme-inherit text-left elementor-widget elementor-widget-text-editor\" data-id=\"62f88a9\" data-element_type=\"widget\" data-e-type=\"widget\" data-widget_type=\"text-editor.default\">\u2013 Sekiz dilde \u00e7al\u0131\u015f\u0131r: Almanca \u2013 \u0130ngilizce \u2013 Frans\u0131zca \u2013 \u0130talyanca \u2013 \u0130spanyolca \u2013 Arap\u00e7a \u2013 Portekizce \u2013 Rus\u00e7a.<\/p>\n<p>\u2013 Easy Way Smart cihaz\u0131n\u0131n arama derinli\u011fi, 2000 metre \u00f6n menzil ile yer alt\u0131nda 18 metreye kadar ula\u015f\u0131r ve hedeflerin yer alt\u0131ndaki derinli\u011fini metre ve santimetre cinsinden belirleme kapasitesine sahiptir.<\/p>\n<p>Easy Way Smart cihaz\u0131, nemli, mineral tuzlar a\u00e7\u0131s\u0131ndan zengin, metalik veya bazalt kayalar gibi toprak t\u00fcrlerinden etkilenmeyen otomatik bir i\u015fletim sistemiyle \u00f6ne \u00e7\u0131kar. Otomatik kalibrasyon teknolojisi sayesinde t\u00fcm metalik kaya t\u00fcrlerini a\u015fabilir. <\/p><\/div>\n","protected":false},"excerpt":{"rendered":"<p>G\u00f6m\u00fcl\u00fc hazineler, ma\u011faralar ve antik koridorlar i\u00e7in 3D g\u00f6r\u00fcnt\u00fcleme, canl\u0131 zemin taramas\u0131 ve canl\u0131 duvar taramas\u0131 \u00f6zelliklerine sahiptir.<\/p>\n","protected":false},"featured_media":5707,"comment_status":"closed","ping_status":"closed","template":"","meta":{"_uag_custom_page_level_css":"","site-sidebar-layout":"default","site-content-layout":"","ast-site-content-layout":"default","site-content-style":"default","site-sidebar-style":"default","ast-global-header-display":"","ast-banner-title-visibility":"","ast-main-header-display":"","ast-hfb-above-header-display":"","ast-hfb-below-header-display":"","ast-hfb-mobile-header-display":"","site-post-title":"","ast-breadcrumbs-content":"","ast-featured-img":"","footer-sml-layout":"","ast-disable-related-posts":"","theme-transparent-header-meta":"default","adv-header-id-meta":"","stick-header-meta":"","header-above-stick-meta":"","header-main-stick-meta":"","header-below-stick-meta":"","astra-migrate-meta-layouts":"default","ast-page-background-enabled":"default","ast-page-background-meta":{"desktop":{"background-color":"","background-image":"","background-repeat":"repeat","background-position":"center center","background-size":"auto","background-attachment":"scroll","background-type":"","background-media":"","overlay-type":"","overlay-color":"","overlay-opacity":"","overlay-gradient":""},"tablet":{"background-color":"","background-image":"","background-repeat":"repeat","background-position":"center center","background-size":"auto","background-attachment":"scroll","background-type":"","background-media":"","overlay-type":"","overlay-color":"","overlay-opacity":"","overlay-gradient":""},"mobile":{"background-color":"","background-image":"","background-repeat":"repeat","background-position":"center center","background-size":"auto","background-attachment":"scroll","background-type":"","background-media":"","overlay-type":"","overlay-color":"","overlay-opacity":"","overlay-gradient":""}},"ast-content-background-meta":{"desktop":{"background-color":"var(--ast-global-color-5)","background-image":"","background-repeat":"repeat","background-position":"center center","background-size":"auto","background-attachment":"scroll","background-type":"","background-media":"","overlay-type":"","overlay-color":"","overlay-opacity":"","overlay-gradient":""},"tablet":{"background-color":"var(--ast-global-color-5)","background-image":"","background-repeat":"repeat","background-position":"center center","background-size":"auto","background-attachment":"scroll","background-type":"","background-media":"","overlay-type":"","overlay-color":"","overlay-opacity":"","overlay-gradient":""},"mobile":{"background-color":"var(--ast-global-color-5)","background-image":"","background-repeat":"repeat","background-position":"center center","background-size":"auto","background-attachment":"scroll","background-type":"","background-media":"","overlay-type":"","overlay-color":"","overlay-opacity":"","overlay-gradient":""}}},"product_brand":[],"product_cat":[52,53],"product_tag":[],"class_list":{"0":"post-6680","1":"product","2":"type-product","3":"status-publish","4":"has-post-thumbnail","6":"product_cat-altin-ve-metal-dedektorleri","7":"product_cat-hazine-ve-bosluk-tespit-cihazlari","8":"desktop-align-center","9":"tablet-align-center","10":"mobile-align-center","12":"first","13":"instock","14":"featured","15":"shipping-taxable","16":"purchasable","17":"product-type-simple"},"uagb_featured_image_src":{"full":["https:\/\/gold-detactpro.com\/wp-content\/uploads\/2026\/03\/8-2.jpg",1080,934,false],"thumbnail":["https:\/\/gold-detactpro.com\/wp-content\/uploads\/2026\/03\/8-2-150x150.jpg",150,150,true],"medium":["https:\/\/gold-detactpro.com\/wp-content\/uploads\/2026\/03\/8-2-300x259.jpg",300,259,true],"medium_large":["https:\/\/gold-detactpro.com\/wp-content\/uploads\/2026\/03\/8-2-768x664.jpg",768,664,true],"large":["https:\/\/gold-detactpro.com\/wp-content\/uploads\/2026\/03\/8-2-1024x886.jpg",1024,886,true],"1536x1536":["https:\/\/gold-detactpro.com\/wp-content\/uploads\/2026\/03\/8-2.jpg",1080,934,false],"2048x2048":["https:\/\/gold-detactpro.com\/wp-content\/uploads\/2026\/03\/8-2.jpg",1080,934,false],"woocommerce_thumbnail":["https:\/\/gold-detactpro.com\/wp-content\/uploads\/2026\/03\/8-2-300x300.jpg",300,300,true],"woocommerce_single":["https:\/\/gold-detactpro.com\/wp-content\/uploads\/2026\/03\/8-2-600x519.jpg",600,519,true],"woocommerce_gallery_thumbnail":["https:\/\/gold-detactpro.com\/wp-content\/uploads\/2026\/03\/8-2-100x100.jpg",100,100,true]},"uagb_author_info":{"display_name":"Mohamad","author_link":"https:\/\/gold-detactpro.com\/tr\/author\/"},"uagb_comment_info":0,"uagb_excerpt":"G\u00f6m\u00fcl\u00fc hazineler, ma\u011faralar ve antik koridorlar i\u00e7in 3D g\u00f6r\u00fcnt\u00fcleme, canl\u0131 zemin taramas\u0131 ve canl\u0131 duvar taramas\u0131 \u00f6zelliklerine sahiptir.","_links":{"self":[{"href":"https:\/\/gold-detactpro.com\/tr\/wp-json\/wp\/v2\/product\/6680","targetHints":{"allow":["GET"]}}],"collection":[{"href":"https:\/\/gold-detactpro.com\/tr\/wp-json\/wp\/v2\/product"}],"about":[{"href":"https:\/\/gold-detactpro.com\/tr\/wp-json\/wp\/v2\/types\/product"}],"replies":[{"embeddable":true,"href":"https:\/\/gold-detactpro.com\/tr\/wp-json\/wp\/v2\/comments?post=6680"}],"wp:featuredmedia":[{"embeddable":true,"href":"https:\/\/gold-detactpro.com\/tr\/wp-json\/wp\/v2\/media\/5707"}],"wp:attachment":[{"href":"https:\/\/gold-detactpro.com\/tr\/wp-json\/wp\/v2\/media?parent=6680"}],"wp:term":[{"taxonomy":"product_brand","embeddable":true,"href":"https:\/\/gold-detactpro.com\/tr\/wp-json\/wp\/v2\/product_brand?post=6680"},{"taxonomy":"product_cat","embeddable":true,"href":"https:\/\/gold-detactpro.com\/tr\/wp-json\/wp\/v2\/product_cat?post=6680"},{"taxonomy":"product_tag","embeddable":true,"href":"https:\/\/gold-detactpro.com\/tr\/wp-json\/wp\/v2\/product_tag?post=6680"}],"curies":[{"name":"wp","href":"https:\/\/api.w.org\/{rel}","templated":true}]}}