{"id":7140,"date":"2026-03-05T20:14:49","date_gmt":"2026-03-05T20:14:49","guid":{"rendered":"https:\/\/gold-detactpro.com\/product\/einfacher-weg-smart\/"},"modified":"2026-03-05T20:14:49","modified_gmt":"2026-03-05T17:14:49","slug":"einfacher-weg-smart","status":"publish","type":"product","link":"https:\/\/gold-detactpro.com\/de\/produkt\/einfacher-weg-smart\/","title":{"rendered":"Einfacher Weg Smart"},"content":{"rendered":"<div class=\"elementor-element elementor-element-6156da9a elementor-widget elementor-widget-heading\" data-id=\"6156da9a\" data-element_type=\"widget\" data-e-type=\"widget\" data-widget_type=\"heading.default\">\n<h2 class=\"elementor-heading-title elementor-size-default\">Merkmale und Eigenschaften des Easy Way Smart Device:<\/h2>\n<\/div>\n<div class=\"elementor-element elementor-element-62f88a9 color-scheme-inherit text-left elementor-widget elementor-widget-text-editor\" data-id=\"62f88a9\" data-element_type=\"widget\" data-e-type=\"widget\" data-widget_type=\"text-editor.default\">&#8211; Funktioniert in acht Sprachen: Deutsch &#8211; Englisch &#8211; Franz\u00f6sisch &#8211; Italienisch &#8211; Spanisch &#8211; Arabisch &#8211; Portugiesisch &#8211; Russisch.<\/p>\n<p>&#8211; Die Suchtiefe des Easy Way Smart Ger\u00e4ts reicht bis zu 18 Meter unter der Erde mit einer Reichweite von 2000 Metern, wobei die Tiefe von Zielen unter der Erde in Metern und Zentimetern bestimmt werden kann.<\/p>\n<p>Das Easy Way Smart-Ger\u00e4t zeichnet sich durch ein automatisches Betriebssystem aus, das nicht von den Bodentypen beeinflusst wird: feucht, reich an Mineralsalzen, metallisches Gestein oder Basaltgestein. Mit der automatischen Kalibrierungstechnologie kann es alle Arten von metallischen Gesteinen \u00fcbertreffen <\/p><\/div>\n","protected":false},"excerpt":{"rendered":"<p>Mit 3D-Bildgebung, Live-Bodenscan und Live-Wandscan f\u00fcr vergrabene Sch\u00e4tze, H\u00f6hlen und alte G\u00e4nge.<\/p>\n","protected":false},"featured_media":5707,"comment_status":"closed","ping_status":"closed","template":"","meta":{"_uag_custom_page_level_css":"","site-sidebar-layout":"default","site-content-layout":"","ast-site-content-layout":"default","site-content-style":"default","site-sidebar-style":"default","ast-global-header-display":"","ast-banner-title-visibility":"","ast-main-header-display":"","ast-hfb-above-header-display":"","ast-hfb-below-header-display":"","ast-hfb-mobile-header-display":"","site-post-title":"","ast-breadcrumbs-content":"","ast-featured-img":"","footer-sml-layout":"","ast-disable-related-posts":"","theme-transparent-header-meta":"default","adv-header-id-meta":"","stick-header-meta":"","header-above-stick-meta":"","header-main-stick-meta":"","header-below-stick-meta":"","astra-migrate-meta-layouts":"default","ast-page-background-enabled":"default","ast-page-background-meta":{"desktop":{"background-color":"","background-image":"","background-repeat":"repeat","background-position":"center center","background-size":"auto","background-attachment":"scroll","background-type":"","background-media":"","overlay-type":"","overlay-color":"","overlay-opacity":"","overlay-gradient":""},"tablet":{"background-color":"","background-image":"","background-repeat":"repeat","background-position":"center center","background-size":"auto","background-attachment":"scroll","background-type":"","background-media":"","overlay-type":"","overlay-color":"","overlay-opacity":"","overlay-gradient":""},"mobile":{"background-color":"","background-image":"","background-repeat":"repeat","background-position":"center center","background-size":"auto","background-attachment":"scroll","background-type":"","background-media":"","overlay-type":"","overlay-color":"","overlay-opacity":"","overlay-gradient":""}},"ast-content-background-meta":{"desktop":{"background-color":"var(--ast-global-color-5)","background-image":"","background-repeat":"repeat","background-position":"center center","background-size":"auto","background-attachment":"scroll","background-type":"","background-media":"","overlay-type":"","overlay-color":"","overlay-opacity":"","overlay-gradient":""},"tablet":{"background-color":"var(--ast-global-color-5)","background-image":"","background-repeat":"repeat","background-position":"center center","background-size":"auto","background-attachment":"scroll","background-type":"","background-media":"","overlay-type":"","overlay-color":"","overlay-opacity":"","overlay-gradient":""},"mobile":{"background-color":"var(--ast-global-color-5)","background-image":"","background-repeat":"repeat","background-position":"center center","background-size":"auto","background-attachment":"scroll","background-type":"","background-media":"","overlay-type":"","overlay-color":"","overlay-opacity":"","overlay-gradient":""}}},"product_brand":[],"product_cat":[62,63],"product_tag":[],"class_list":{"0":"post-7140","1":"product","2":"type-product","3":"status-publish","4":"has-post-thumbnail","6":"product_cat-gerate-zum-aufspuren-von-schatzen-und-hohlraumen","7":"product_cat-gold-metalldetektoren","8":"desktop-align-center","9":"tablet-align-center","10":"mobile-align-center","12":"first","13":"instock","14":"featured","15":"shipping-taxable","16":"purchasable","17":"product-type-simple"},"uagb_featured_image_src":{"full":["https:\/\/gold-detactpro.com\/wp-content\/uploads\/2026\/03\/8-2.jpg",1080,934,false],"thumbnail":["https:\/\/gold-detactpro.com\/wp-content\/uploads\/2026\/03\/8-2-150x150.jpg",150,150,true],"medium":["https:\/\/gold-detactpro.com\/wp-content\/uploads\/2026\/03\/8-2-300x259.jpg",300,259,true],"medium_large":["https:\/\/gold-detactpro.com\/wp-content\/uploads\/2026\/03\/8-2-768x664.jpg",768,664,true],"large":["https:\/\/gold-detactpro.com\/wp-content\/uploads\/2026\/03\/8-2-1024x886.jpg",1024,886,true],"1536x1536":["https:\/\/gold-detactpro.com\/wp-content\/uploads\/2026\/03\/8-2.jpg",1080,934,false],"2048x2048":["https:\/\/gold-detactpro.com\/wp-content\/uploads\/2026\/03\/8-2.jpg",1080,934,false],"woocommerce_thumbnail":["https:\/\/gold-detactpro.com\/wp-content\/uploads\/2026\/03\/8-2-300x300.jpg",300,300,true],"woocommerce_single":["https:\/\/gold-detactpro.com\/wp-content\/uploads\/2026\/03\/8-2-250x216.jpg",250,216,true],"woocommerce_gallery_thumbnail":["https:\/\/gold-detactpro.com\/wp-content\/uploads\/2026\/03\/8-2-100x100.jpg",100,100,true]},"uagb_author_info":{"display_name":"Mohamad","author_link":"https:\/\/gold-detactpro.com\/de\/author\/"},"uagb_comment_info":0,"uagb_excerpt":"Mit 3D-Bildgebung, Live-Bodenscan und Live-Wandscan f\u00fcr vergrabene Sch\u00e4tze, H\u00f6hlen und alte G\u00e4nge.","_links":{"self":[{"href":"https:\/\/gold-detactpro.com\/de\/wp-json\/wp\/v2\/product\/7140","targetHints":{"allow":["GET"]}}],"collection":[{"href":"https:\/\/gold-detactpro.com\/de\/wp-json\/wp\/v2\/product"}],"about":[{"href":"https:\/\/gold-detactpro.com\/de\/wp-json\/wp\/v2\/types\/product"}],"replies":[{"embeddable":true,"href":"https:\/\/gold-detactpro.com\/de\/wp-json\/wp\/v2\/comments?post=7140"}],"wp:featuredmedia":[{"embeddable":true,"href":"https:\/\/gold-detactpro.com\/de\/wp-json\/wp\/v2\/media\/5707"}],"wp:attachment":[{"href":"https:\/\/gold-detactpro.com\/de\/wp-json\/wp\/v2\/media?parent=7140"}],"wp:term":[{"taxonomy":"product_brand","embeddable":true,"href":"https:\/\/gold-detactpro.com\/de\/wp-json\/wp\/v2\/product_brand?post=7140"},{"taxonomy":"product_cat","embeddable":true,"href":"https:\/\/gold-detactpro.com\/de\/wp-json\/wp\/v2\/product_cat?post=7140"},{"taxonomy":"product_tag","embeddable":true,"href":"https:\/\/gold-detactpro.com\/de\/wp-json\/wp\/v2\/product_tag?post=7140"}],"curies":[{"name":"wp","href":"https:\/\/api.w.org\/{rel}","templated":true}]}}