{"id":7117,"date":"2026-03-05T20:14:49","date_gmt":"2026-03-05T20:14:49","guid":{"rendered":"https:\/\/gold-detactpro.com\/product\/deep-seeker\/"},"modified":"2026-03-05T20:14:49","modified_gmt":"2026-03-05T17:14:49","slug":"deep-seeker","status":"publish","type":"product","link":"https:\/\/gold-detactpro.com\/de\/produkt\/deep-seeker\/","title":{"rendered":"Deep Seeker"},"content":{"rendered":"<div class=\"elementor-element elementor-element-aad14a1 elementor-widget elementor-widget-heading\" data-id=\"aad14a1\" data-element_type=\"widget\" data-e-type=\"widget\" data-widget_type=\"heading.default\">\n<div class=\"elementor-element elementor-element-9cbf566 elementor-widget elementor-widget-heading\" data-id=\"9cbf566\" data-element_type=\"widget\" data-e-type=\"widget\" data-widget_type=\"heading.default\">\n<h2 class=\"elementor-heading-title elementor-size-default\">Merkmale des DEEP SEEKER Dectector<\/h2>\n<\/div>\n<div class=\"elementor-element elementor-element-88cde13 color-scheme-inherit text-left elementor-widget elementor-widget-text-editor\" data-id=\"88cde13\" data-element_type=\"widget\" data-e-type=\"widget\" data-widget_type=\"text-editor.default\">\n<p>&#8211; Identifizierung der Bodenart: Mit dem Ger\u00e4t k\u00f6nnen Sie die Art des Bodens identifizieren, einschlie\u00dflich felsig, nat\u00fcrlich, gemischt, metallisch, lehmig oder sandig.<\/p>\n<p>&#8211; Mehrsprachiges Ger\u00e4t: Der DEEP SEEKER funktioniert in sechs Sprachen: Deutsch &#8211; Englisch &#8211; Franz\u00f6sisch &#8211; Italienisch &#8211; Spanisch &#8211; Arabisch.<\/p>\n<p>&#8211; Tiefe und Reichweite: Das Ger\u00e4t kann bis zu einer Tiefe von 40 Metern unter der Erde suchen und hat eine vordere Reichweite von 3000 Metern, mit der M\u00f6glichkeit, die Tiefe der Ziele unter der Erde in Metern und Zentimetern anzugeben.<\/p>\n<p>&#8211; Globale Zertifizierung: Der in Deutschland hergestellte DEEP SEEKER besitzt die europ\u00e4ische CE-Zertifizierung und die internationale ISO 9001-Zertifizierung und erf\u00fcllt damit weltweite Standards und Spezifikationen.<\/p>\n<p>&nbsp;<\/p>\n<\/div>\n<div class=\"elementor-element elementor-element-7e38476 elementor-widget elementor-widget-video\" data-id=\"7e38476\" data-element_type=\"widget\" data-e-type=\"widget\" data-settings=\"{\"youtube_url\":\"https:\\\/\\\/www.youtube.com\\\/watch?v=aQPg6yg_D3A\",\"video_type\":\"youtube\",\"controls\":\"yes\"}\" data-widget_type=\"video.default\">\n<div class=\"elementor-wrapper elementor-open-inline\">\n<p style=\"text-align: left;\">umfassende Explorationsstation mit f\u00fcnf innovativen Systemen in einem Ger\u00e4t, das Gold, vergrabene Sch\u00e4tze, Hohlr\u00e4ume, antike Artefakte, Edelmetalle und Diamanten unter der Erde aufsp\u00fcren kann<\/p>\n<\/div>\n<\/div>\n<\/div>\n","protected":false},"excerpt":{"rendered":"<p style=\"text-align: left;\">umfassende Explorationsstation mit f\u00fcnf innovativen Systemen in einem Ger\u00e4t, das in der Lage ist, Gold und Diamanten unter der Erde aufzusp\u00fcren<\/p>\n","protected":false},"featured_media":5697,"comment_status":"closed","ping_status":"closed","template":"","meta":{"_uag_custom_page_level_css":"","site-sidebar-layout":"default","site-content-layout":"","ast-site-content-layout":"default","site-content-style":"default","site-sidebar-style":"default","ast-global-header-display":"","ast-banner-title-visibility":"","ast-main-header-display":"","ast-hfb-above-header-display":"","ast-hfb-below-header-display":"","ast-hfb-mobile-header-display":"","site-post-title":"","ast-breadcrumbs-content":"","ast-featured-img":"","footer-sml-layout":"","ast-disable-related-posts":"","theme-transparent-header-meta":"default","adv-header-id-meta":"","stick-header-meta":"","header-above-stick-meta":"","header-main-stick-meta":"","header-below-stick-meta":"","astra-migrate-meta-layouts":"default","ast-page-background-enabled":"default","ast-page-background-meta":{"desktop":{"background-color":"","background-image":"","background-repeat":"repeat","background-position":"center center","background-size":"auto","background-attachment":"scroll","background-type":"","background-media":"","overlay-type":"","overlay-color":"","overlay-opacity":"","overlay-gradient":""},"tablet":{"background-color":"","background-image":"","background-repeat":"repeat","background-position":"center center","background-size":"auto","background-attachment":"scroll","background-type":"","background-media":"","overlay-type":"","overlay-color":"","overlay-opacity":"","overlay-gradient":""},"mobile":{"background-color":"","background-image":"","background-repeat":"repeat","background-position":"center center","background-size":"auto","background-attachment":"scroll","background-type":"","background-media":"","overlay-type":"","overlay-color":"","overlay-opacity":"","overlay-gradient":""}},"ast-content-background-meta":{"desktop":{"background-color":"var(--ast-global-color-5)","background-image":"","background-repeat":"repeat","background-position":"center center","background-size":"auto","background-attachment":"scroll","background-type":"","background-media":"","overlay-type":"","overlay-color":"","overlay-opacity":"","overlay-gradient":""},"tablet":{"background-color":"var(--ast-global-color-5)","background-image":"","background-repeat":"repeat","background-position":"center center","background-size":"auto","background-attachment":"scroll","background-type":"","background-media":"","overlay-type":"","overlay-color":"","overlay-opacity":"","overlay-gradient":""},"mobile":{"background-color":"var(--ast-global-color-5)","background-image":"","background-repeat":"repeat","background-position":"center center","background-size":"auto","background-attachment":"scroll","background-type":"","background-media":"","overlay-type":"","overlay-color":"","overlay-opacity":"","overlay-gradient":""}}},"product_brand":[],"product_cat":[62,63],"product_tag":[],"class_list":{"0":"post-7117","1":"product","2":"type-product","3":"status-publish","4":"has-post-thumbnail","6":"product_cat-gerate-zum-aufspuren-von-schatzen-und-hohlraumen","7":"product_cat-gold-metalldetektoren","8":"desktop-align-center","9":"tablet-align-center","10":"mobile-align-center","12":"first","13":"instock","14":"featured","15":"shipping-taxable","16":"purchasable","17":"product-type-simple"},"uagb_featured_image_src":{"full":["https:\/\/gold-detactpro.com\/wp-content\/uploads\/2026\/03\/6-4.jpg",1080,1080,false],"thumbnail":["https:\/\/gold-detactpro.com\/wp-content\/uploads\/2026\/03\/6-4-150x150.jpg",150,150,true],"medium":["https:\/\/gold-detactpro.com\/wp-content\/uploads\/2026\/03\/6-4-300x300.jpg",300,300,true],"medium_large":["https:\/\/gold-detactpro.com\/wp-content\/uploads\/2026\/03\/6-4-768x768.jpg",768,768,true],"large":["https:\/\/gold-detactpro.com\/wp-content\/uploads\/2026\/03\/6-4-1024x1024.jpg",1024,1024,true],"1536x1536":["https:\/\/gold-detactpro.com\/wp-content\/uploads\/2026\/03\/6-4.jpg",1080,1080,false],"2048x2048":["https:\/\/gold-detactpro.com\/wp-content\/uploads\/2026\/03\/6-4.jpg",1080,1080,false],"woocommerce_thumbnail":["https:\/\/gold-detactpro.com\/wp-content\/uploads\/2026\/03\/6-4-300x300.jpg",300,300,true],"woocommerce_single":["https:\/\/gold-detactpro.com\/wp-content\/uploads\/2026\/03\/6-4-250x250.jpg",250,250,true],"woocommerce_gallery_thumbnail":["https:\/\/gold-detactpro.com\/wp-content\/uploads\/2026\/03\/6-4-100x100.jpg",100,100,true]},"uagb_author_info":{"display_name":"Mohamad","author_link":"https:\/\/gold-detactpro.com\/de\/author\/"},"uagb_comment_info":0,"uagb_excerpt":"umfassende Explorationsstation mit f\u00fcnf innovativen Systemen in einem Ger\u00e4t, das in der Lage ist, Gold und Diamanten unter der Erde aufzusp\u00fcren","_links":{"self":[{"href":"https:\/\/gold-detactpro.com\/de\/wp-json\/wp\/v2\/product\/7117","targetHints":{"allow":["GET"]}}],"collection":[{"href":"https:\/\/gold-detactpro.com\/de\/wp-json\/wp\/v2\/product"}],"about":[{"href":"https:\/\/gold-detactpro.com\/de\/wp-json\/wp\/v2\/types\/product"}],"replies":[{"embeddable":true,"href":"https:\/\/gold-detactpro.com\/de\/wp-json\/wp\/v2\/comments?post=7117"}],"wp:featuredmedia":[{"embeddable":true,"href":"https:\/\/gold-detactpro.com\/de\/wp-json\/wp\/v2\/media\/5697"}],"wp:attachment":[{"href":"https:\/\/gold-detactpro.com\/de\/wp-json\/wp\/v2\/media?parent=7117"}],"wp:term":[{"taxonomy":"product_brand","embeddable":true,"href":"https:\/\/gold-detactpro.com\/de\/wp-json\/wp\/v2\/product_brand?post=7117"},{"taxonomy":"product_cat","embeddable":true,"href":"https:\/\/gold-detactpro.com\/de\/wp-json\/wp\/v2\/product_cat?post=7117"},{"taxonomy":"product_tag","embeddable":true,"href":"https:\/\/gold-detactpro.com\/de\/wp-json\/wp\/v2\/product_tag?post=7117"}],"curies":[{"name":"wp","href":"https:\/\/api.w.org\/{rel}","templated":true}]}}